{"id":17296,"date":"2022-11-23T21:25:21","date_gmt":"2022-11-23T21:25:21","guid":{"rendered":"https:\/\/autopecasanhanguera.com.br\/?post_type=product&#038;p=17296"},"modified":"2025-04-23T18:01:11","modified_gmt":"2025-04-23T18:01:11","slug":"sensor-temp-celta-gm-prisma","status":"publish","type":"product","link":"https:\/\/autopecasanhanguera.com.br\/index.php\/product\/sensor-temp-celta-gm-prisma\/","title":{"rendered":"SENSOR TEMP CELTA GM PRISMA"},"content":{"rendered":"<p>DESCRI\u00c7\u00c3O= SENSOR TEMP CELTA GM PRISMA C\u00d3DIGO DO FABRICANTE= *43*BOSCH*50* MARCA = INOVA<\/p>\n","protected":false},"excerpt":{"rendered":"<p>DESCRI\u00c7\u00c3O= SENSOR TEMP CELTA GM PRISMA C\u00d3DIGO DO FABRICANTE= *43*BOSCH*50* MARCA = INOVA<\/p>\n","protected":false},"featured_media":20767,"template":"","meta":{"om_disable_all_campaigns":false,"_monsterinsights_skip_tracking":false,"_monsterinsights_sitenote_active":false,"_monsterinsights_sitenote_note":"","_monsterinsights_sitenote_category":0},"product_cat":[325],"product_tag":[5375],"aioseo_notices":[],"_links":{"self":[{"href":"https:\/\/autopecasanhanguera.com.br\/index.php\/wp-json\/wp\/v2\/product\/17296"}],"collection":[{"href":"https:\/\/autopecasanhanguera.com.br\/index.php\/wp-json\/wp\/v2\/product"}],"about":[{"href":"https:\/\/autopecasanhanguera.com.br\/index.php\/wp-json\/wp\/v2\/types\/product"}],"wp:featuredmedia":[{"embeddable":true,"href":"https:\/\/autopecasanhanguera.com.br\/index.php\/wp-json\/wp\/v2\/media\/20767"}],"wp:attachment":[{"href":"https:\/\/autopecasanhanguera.com.br\/index.php\/wp-json\/wp\/v2\/media?parent=17296"}],"wp:term":[{"taxonomy":"product_cat","embeddable":true,"href":"https:\/\/autopecasanhanguera.com.br\/index.php\/wp-json\/wp\/v2\/product_cat?post=17296"},{"taxonomy":"product_tag","embeddable":true,"href":"https:\/\/autopecasanhanguera.com.br\/index.php\/wp-json\/wp\/v2\/product_tag?post=17296"}],"curies":[{"name":"wp","href":"https:\/\/api.w.org\/{rel}","templated":true}]}}