{"id":17330,"date":"2022-11-23T21:26:01","date_gmt":"2022-11-23T21:26:01","guid":{"rendered":"https:\/\/autopecasanhanguera.com.br\/?post_type=product&#038;p=17330"},"modified":"2023-11-08T18:53:02","modified_gmt":"2023-11-08T18:53:02","slug":"palheta-18-silicone","status":"publish","type":"product","link":"https:\/\/autopecasanhanguera.com.br\/index.php\/product\/palheta-18-silicone\/","title":{"rendered":"PALHETA 18 SILICONE"},"content":{"rendered":"<p>DESCRI\u00c7\u00c3O= PALHETA 18 SILICONE C\u00d3DIGO DO FABRICANTE= YN-PS018 MQ0018 MARCA = SW<\/p>\n","protected":false},"excerpt":{"rendered":"<p>DESCRI\u00c7\u00c3O= PALHETA 18 SILICONE C\u00d3DIGO DO FABRICANTE= YN-PS018 MQ0018 MARCA = SW<\/p>\n","protected":false},"featured_media":20634,"template":"","meta":{"om_disable_all_campaigns":false,"_monsterinsights_skip_tracking":false,"_monsterinsights_sitenote_active":false,"_monsterinsights_sitenote_note":"","_monsterinsights_sitenote_category":0},"product_cat":[89],"product_tag":[5197,5228],"aioseo_notices":[],"_links":{"self":[{"href":"https:\/\/autopecasanhanguera.com.br\/index.php\/wp-json\/wp\/v2\/product\/17330"}],"collection":[{"href":"https:\/\/autopecasanhanguera.com.br\/index.php\/wp-json\/wp\/v2\/product"}],"about":[{"href":"https:\/\/autopecasanhanguera.com.br\/index.php\/wp-json\/wp\/v2\/types\/product"}],"wp:featuredmedia":[{"embeddable":true,"href":"https:\/\/autopecasanhanguera.com.br\/index.php\/wp-json\/wp\/v2\/media\/20634"}],"wp:attachment":[{"href":"https:\/\/autopecasanhanguera.com.br\/index.php\/wp-json\/wp\/v2\/media?parent=17330"}],"wp:term":[{"taxonomy":"product_cat","embeddable":true,"href":"https:\/\/autopecasanhanguera.com.br\/index.php\/wp-json\/wp\/v2\/product_cat?post=17330"},{"taxonomy":"product_tag","embeddable":true,"href":"https:\/\/autopecasanhanguera.com.br\/index.php\/wp-json\/wp\/v2\/product_tag?post=17330"}],"curies":[{"name":"wp","href":"https:\/\/api.w.org\/{rel}","templated":true}]}}