{"id":1737,"date":"2022-11-23T21:10:31","date_gmt":"2022-11-23T21:10:31","guid":{"rendered":"https:\/\/autopecasanhanguera.com.br\/?post_type=product&#038;p=1737"},"modified":"2022-11-23T21:10:31","modified_gmt":"2022-11-23T21:10:31","slug":"diafragma-valvula-max-corcel-1","status":"publish","type":"product","link":"https:\/\/autopecasanhanguera.com.br\/index.php\/product\/diafragma-valvula-max-corcel-1\/","title":{"rendered":"DIAFRAGMA VALVULA MAX CORCEL 1"},"content":{"rendered":"<p>DESCRI\u00c7\u00c3O= DIAFRAGMA VALVULA MAX CORCEL 1 C\u00d3DIGO DO FABRICANTE= 5000037*43*PPN* 200. MARCA = MASTER ESTORIL<\/p>\n","protected":false},"excerpt":{"rendered":"<p>DESCRI\u00c7\u00c3O= DIAFRAGMA VALVULA MAX CORCEL 1 C\u00d3DIGO DO FABRICANTE= 5000037*43*PPN* 200. MARCA = MASTER ESTORIL<\/p>\n","protected":false},"featured_media":0,"template":"","meta":{"om_disable_all_campaigns":false,"_monsterinsights_skip_tracking":false,"_monsterinsights_sitenote_active":false,"_monsterinsights_sitenote_note":"","_monsterinsights_sitenote_category":0},"product_cat":[300],"product_tag":[],"aioseo_notices":[],"_links":{"self":[{"href":"https:\/\/autopecasanhanguera.com.br\/index.php\/wp-json\/wp\/v2\/product\/1737"}],"collection":[{"href":"https:\/\/autopecasanhanguera.com.br\/index.php\/wp-json\/wp\/v2\/product"}],"about":[{"href":"https:\/\/autopecasanhanguera.com.br\/index.php\/wp-json\/wp\/v2\/types\/product"}],"wp:attachment":[{"href":"https:\/\/autopecasanhanguera.com.br\/index.php\/wp-json\/wp\/v2\/media?parent=1737"}],"wp:term":[{"taxonomy":"product_cat","embeddable":true,"href":"https:\/\/autopecasanhanguera.com.br\/index.php\/wp-json\/wp\/v2\/product_cat?post=1737"},{"taxonomy":"product_tag","embeddable":true,"href":"https:\/\/autopecasanhanguera.com.br\/index.php\/wp-json\/wp\/v2\/product_tag?post=1737"}],"curies":[{"name":"wp","href":"https:\/\/api.w.org\/{rel}","templated":true}]}}