{"id":17612,"date":"2022-11-23T21:25:27","date_gmt":"2022-11-23T21:25:27","guid":{"rendered":"https:\/\/autopecasanhanguera.com.br\/?post_type=product&#038;p=17612"},"modified":"2025-04-01T18:56:06","modified_gmt":"2025-04-01T18:56:06","slug":"kit-amort-diant-uno-novo-g-2x1","status":"publish","type":"product","link":"https:\/\/autopecasanhanguera.com.br\/index.php\/product\/kit-amort-diant-uno-novo-g-2x1\/","title":{"rendered":"KIT AMORT DIANT UNO NOVO g 2X1"},"content":{"rendered":"<p>DESCRI\u00c7\u00c3O= KIT AMORT DIANT UNO NOVO g 2X1 C\u00d3DIGO DO FABRICANTE= MB-4065 MB4059 MARCA = MOBESANI<\/p>\n","protected":false},"excerpt":{"rendered":"<p>DESCRI\u00c7\u00c3O= KIT AMORT DIANT UNO NOVO g 2X1 C\u00d3DIGO DO FABRICANTE= MB-4065 MB4059 MARCA = MOBESANI<\/p>\n","protected":false},"featured_media":20739,"template":"","meta":{"om_disable_all_campaigns":false,"_monsterinsights_skip_tracking":false,"_monsterinsights_sitenote_active":false,"_monsterinsights_sitenote_note":"","_monsterinsights_sitenote_category":0},"product_cat":[92],"product_tag":[5361],"aioseo_notices":[],"_links":{"self":[{"href":"https:\/\/autopecasanhanguera.com.br\/index.php\/wp-json\/wp\/v2\/product\/17612"}],"collection":[{"href":"https:\/\/autopecasanhanguera.com.br\/index.php\/wp-json\/wp\/v2\/product"}],"about":[{"href":"https:\/\/autopecasanhanguera.com.br\/index.php\/wp-json\/wp\/v2\/types\/product"}],"wp:featuredmedia":[{"embeddable":true,"href":"https:\/\/autopecasanhanguera.com.br\/index.php\/wp-json\/wp\/v2\/media\/20739"}],"wp:attachment":[{"href":"https:\/\/autopecasanhanguera.com.br\/index.php\/wp-json\/wp\/v2\/media?parent=17612"}],"wp:term":[{"taxonomy":"product_cat","embeddable":true,"href":"https:\/\/autopecasanhanguera.com.br\/index.php\/wp-json\/wp\/v2\/product_cat?post=17612"},{"taxonomy":"product_tag","embeddable":true,"href":"https:\/\/autopecasanhanguera.com.br\/index.php\/wp-json\/wp\/v2\/product_tag?post=17612"}],"curies":[{"name":"wp","href":"https:\/\/api.w.org\/{rel}","templated":true}]}}