{"id":17665,"date":"2022-11-23T21:03:08","date_gmt":"2022-11-23T21:03:08","guid":{"rendered":"https:\/\/autopecasanhanguera.com.br\/?post_type=product&#038;p=17665"},"modified":"2022-11-23T21:03:08","modified_gmt":"2022-11-23T21:03:08","slug":"bujao-carter-rosca-universa","status":"publish","type":"product","link":"https:\/\/autopecasanhanguera.com.br\/index.php\/product\/bujao-carter-rosca-universa\/","title":{"rendered":"BUJAO CARTER ROSCA UNIVERSA"},"content":{"rendered":"<p>DESCRI\u00c7\u00c3O= BUJAO CARTER ROSCA UNIVERSA C\u00d3DIGO DO FABRICANTE= 2100797*43*1\/2*UXX* MARCA = BRASIL COMPONENTES A<\/p>\n","protected":false},"excerpt":{"rendered":"<p>DESCRI\u00c7\u00c3O= BUJAO CARTER ROSCA UNIVERSA C\u00d3DIGO DO FABRICANTE= 2100797*43*1\/2*UXX* MARCA = BRASIL COMPONENTES A<\/p>\n","protected":false},"featured_media":0,"template":"","meta":{"om_disable_all_campaigns":false,"_monsterinsights_skip_tracking":false,"_monsterinsights_sitenote_active":false,"_monsterinsights_sitenote_note":"","_monsterinsights_sitenote_category":0},"product_cat":[96],"product_tag":[],"aioseo_notices":[],"_links":{"self":[{"href":"https:\/\/autopecasanhanguera.com.br\/index.php\/wp-json\/wp\/v2\/product\/17665"}],"collection":[{"href":"https:\/\/autopecasanhanguera.com.br\/index.php\/wp-json\/wp\/v2\/product"}],"about":[{"href":"https:\/\/autopecasanhanguera.com.br\/index.php\/wp-json\/wp\/v2\/types\/product"}],"wp:attachment":[{"href":"https:\/\/autopecasanhanguera.com.br\/index.php\/wp-json\/wp\/v2\/media?parent=17665"}],"wp:term":[{"taxonomy":"product_cat","embeddable":true,"href":"https:\/\/autopecasanhanguera.com.br\/index.php\/wp-json\/wp\/v2\/product_cat?post=17665"},{"taxonomy":"product_tag","embeddable":true,"href":"https:\/\/autopecasanhanguera.com.br\/index.php\/wp-json\/wp\/v2\/product_tag?post=17665"}],"curies":[{"name":"wp","href":"https:\/\/api.w.org\/{rel}","templated":true}]}}