{"id":17728,"date":"2022-11-23T21:16:50","date_gmt":"2022-11-23T21:16:50","guid":{"rendered":"https:\/\/autopecasanhanguera.com.br\/?post_type=product&#038;p=17728"},"modified":"2022-11-23T21:16:50","modified_gmt":"2022-11-23T21:16:50","slug":"retrovisor-ext-palio-sapao-le","status":"publish","type":"product","link":"https:\/\/autopecasanhanguera.com.br\/index.php\/product\/retrovisor-ext-palio-sapao-le\/","title":{"rendered":"RETROVISOR EXT PALIO SAPAO LE"},"content":{"rendered":"<p>DESCRI\u00c7\u00c3O= RETROVISOR EXT PALIO SAPAO LE C\u00d3DIGO DO FABRICANTE= RTVE19CR*43*SXXX* MARCA = RETROVEX<\/p>\n","protected":false},"excerpt":{"rendered":"<p>DESCRI\u00c7\u00c3O= RETROVISOR EXT PALIO SAPAO LE C\u00d3DIGO DO FABRICANTE= RTVE19CR*43*SXXX* MARCA = RETROVEX<\/p>\n","protected":false},"featured_media":0,"template":"","meta":{"om_disable_all_campaigns":false,"_monsterinsights_skip_tracking":false,"_monsterinsights_sitenote_active":false,"_monsterinsights_sitenote_note":"","_monsterinsights_sitenote_category":0},"product_cat":[89],"product_tag":[],"aioseo_notices":[],"_links":{"self":[{"href":"https:\/\/autopecasanhanguera.com.br\/index.php\/wp-json\/wp\/v2\/product\/17728"}],"collection":[{"href":"https:\/\/autopecasanhanguera.com.br\/index.php\/wp-json\/wp\/v2\/product"}],"about":[{"href":"https:\/\/autopecasanhanguera.com.br\/index.php\/wp-json\/wp\/v2\/types\/product"}],"wp:attachment":[{"href":"https:\/\/autopecasanhanguera.com.br\/index.php\/wp-json\/wp\/v2\/media?parent=17728"}],"wp:term":[{"taxonomy":"product_cat","embeddable":true,"href":"https:\/\/autopecasanhanguera.com.br\/index.php\/wp-json\/wp\/v2\/product_cat?post=17728"},{"taxonomy":"product_tag","embeddable":true,"href":"https:\/\/autopecasanhanguera.com.br\/index.php\/wp-json\/wp\/v2\/product_tag?post=17728"}],"curies":[{"name":"wp","href":"https:\/\/api.w.org\/{rel}","templated":true}]}}