{"id":17790,"date":"2022-11-23T21:25:40","date_gmt":"2022-11-23T21:25:40","guid":{"rendered":"https:\/\/autopecasanhanguera.com.br\/?post_type=product&#038;p=17790"},"modified":"2023-12-13T16:35:47","modified_gmt":"2023-12-13T16:35:47","slug":"silencioso-gol-g3-g4","status":"publish","type":"product","link":"https:\/\/autopecasanhanguera.com.br\/index.php\/product\/silencioso-gol-g3-g4\/","title":{"rendered":"SILENCIOSO GOL G3 G4"},"content":{"rendered":"<p>DESCRI\u00c7\u00c3O= SILENCIOSO GOL G3 G4 C\u00d3DIGO DO FABRICANTE= 1548G VW0455T MARCA = VG<\/p>\n","protected":false},"excerpt":{"rendered":"<p>DESCRI\u00c7\u00c3O= SILENCIOSO GOL G3 G4 C\u00d3DIGO DO FABRICANTE= 1548G VW0455T MARCA = VG<\/p>\n","protected":false},"featured_media":20690,"template":"","meta":{"om_disable_all_campaigns":false,"_monsterinsights_skip_tracking":false,"_monsterinsights_sitenote_active":false,"_monsterinsights_sitenote_note":"","_monsterinsights_sitenote_category":0},"product_cat":[142],"product_tag":[28,5314,5313],"aioseo_notices":[],"_links":{"self":[{"href":"https:\/\/autopecasanhanguera.com.br\/index.php\/wp-json\/wp\/v2\/product\/17790"}],"collection":[{"href":"https:\/\/autopecasanhanguera.com.br\/index.php\/wp-json\/wp\/v2\/product"}],"about":[{"href":"https:\/\/autopecasanhanguera.com.br\/index.php\/wp-json\/wp\/v2\/types\/product"}],"wp:featuredmedia":[{"embeddable":true,"href":"https:\/\/autopecasanhanguera.com.br\/index.php\/wp-json\/wp\/v2\/media\/20690"}],"wp:attachment":[{"href":"https:\/\/autopecasanhanguera.com.br\/index.php\/wp-json\/wp\/v2\/media?parent=17790"}],"wp:term":[{"taxonomy":"product_cat","embeddable":true,"href":"https:\/\/autopecasanhanguera.com.br\/index.php\/wp-json\/wp\/v2\/product_cat?post=17790"},{"taxonomy":"product_tag","embeddable":true,"href":"https:\/\/autopecasanhanguera.com.br\/index.php\/wp-json\/wp\/v2\/product_tag?post=17790"}],"curies":[{"name":"wp","href":"https:\/\/api.w.org\/{rel}","templated":true}]}}