{"id":17913,"date":"2022-11-23T21:26:40","date_gmt":"2022-11-23T21:26:40","guid":{"rendered":"https:\/\/autopecasanhanguera.com.br\/?post_type=product&#038;p=17913"},"modified":"2023-10-02T19:26:54","modified_gmt":"2023-10-02T19:26:54","slug":"reservatorio-agua-radiador-fox","status":"publish","type":"product","link":"https:\/\/autopecasanhanguera.com.br\/index.php\/product\/reservatorio-agua-radiador-fox\/","title":{"rendered":"RESERVATORIO AGUA RADIADOR FOX"},"content":{"rendered":"<p>DESCRI\u00c7\u00c3O= RESERVATORIO AGUA RADIADOR FOX C\u00d3DIGO DO FABRICANTE= G1024*43*RTXX* MARCA = GONEL<\/p>\n","protected":false},"excerpt":{"rendered":"<p>DESCRI\u00c7\u00c3O= RESERVATORIO AGUA RADIADOR FOX C\u00d3DIGO DO FABRICANTE= G1024*43*RTXX* MARCA = GONEL<\/p>\n","protected":false},"featured_media":20505,"template":"","meta":{"om_disable_all_campaigns":false,"_monsterinsights_skip_tracking":false,"_monsterinsights_sitenote_active":false,"_monsterinsights_sitenote_note":"","_monsterinsights_sitenote_category":0},"product_cat":[96],"product_tag":[5036,5035,5034],"aioseo_notices":[],"_links":{"self":[{"href":"https:\/\/autopecasanhanguera.com.br\/index.php\/wp-json\/wp\/v2\/product\/17913"}],"collection":[{"href":"https:\/\/autopecasanhanguera.com.br\/index.php\/wp-json\/wp\/v2\/product"}],"about":[{"href":"https:\/\/autopecasanhanguera.com.br\/index.php\/wp-json\/wp\/v2\/types\/product"}],"wp:featuredmedia":[{"embeddable":true,"href":"https:\/\/autopecasanhanguera.com.br\/index.php\/wp-json\/wp\/v2\/media\/20505"}],"wp:attachment":[{"href":"https:\/\/autopecasanhanguera.com.br\/index.php\/wp-json\/wp\/v2\/media?parent=17913"}],"wp:term":[{"taxonomy":"product_cat","embeddable":true,"href":"https:\/\/autopecasanhanguera.com.br\/index.php\/wp-json\/wp\/v2\/product_cat?post=17913"},{"taxonomy":"product_tag","embeddable":true,"href":"https:\/\/autopecasanhanguera.com.br\/index.php\/wp-json\/wp\/v2\/product_tag?post=17913"}],"curies":[{"name":"wp","href":"https:\/\/api.w.org\/{rel}","templated":true}]}}