{"id":17937,"date":"2022-11-23T21:26:43","date_gmt":"2022-11-23T21:26:43","guid":{"rendered":"https:\/\/autopecasanhanguera.com.br\/?post_type=product&#038;p=17937"},"modified":"2023-10-02T17:41:39","modified_gmt":"2023-10-02T17:41:39","slug":"espelho-retrovisor-celta-prism-2","status":"publish","type":"product","link":"https:\/\/autopecasanhanguera.com.br\/index.php\/product\/espelho-retrovisor-celta-prism-2\/","title":{"rendered":"ESPELHO RETROVISOR CELTA PRISM"},"content":{"rendered":"<p>DESCRI\u00c7\u00c3O= ESPELHO RETROVISOR CELTA PRISM C\u00d3DIGO DO FABRICANTE= RGRM89 MARCA = METAGAL<\/p>\n","protected":false},"excerpt":{"rendered":"<p>DESCRI\u00c7\u00c3O= ESPELHO RETROVISOR CELTA PRISM C\u00d3DIGO DO FABRICANTE= RGRM89 MARCA = METAGAL<\/p>\n","protected":false},"featured_media":20500,"template":"","meta":{"om_disable_all_campaigns":false,"_monsterinsights_skip_tracking":false,"_monsterinsights_sitenote_active":false,"_monsterinsights_sitenote_note":"","_monsterinsights_sitenote_category":0},"product_cat":[89],"product_tag":[4774,4805,5025],"aioseo_notices":[],"_links":{"self":[{"href":"https:\/\/autopecasanhanguera.com.br\/index.php\/wp-json\/wp\/v2\/product\/17937"}],"collection":[{"href":"https:\/\/autopecasanhanguera.com.br\/index.php\/wp-json\/wp\/v2\/product"}],"about":[{"href":"https:\/\/autopecasanhanguera.com.br\/index.php\/wp-json\/wp\/v2\/types\/product"}],"wp:featuredmedia":[{"embeddable":true,"href":"https:\/\/autopecasanhanguera.com.br\/index.php\/wp-json\/wp\/v2\/media\/20500"}],"wp:attachment":[{"href":"https:\/\/autopecasanhanguera.com.br\/index.php\/wp-json\/wp\/v2\/media?parent=17937"}],"wp:term":[{"taxonomy":"product_cat","embeddable":true,"href":"https:\/\/autopecasanhanguera.com.br\/index.php\/wp-json\/wp\/v2\/product_cat?post=17937"},{"taxonomy":"product_tag","embeddable":true,"href":"https:\/\/autopecasanhanguera.com.br\/index.php\/wp-json\/wp\/v2\/product_tag?post=17937"}],"curies":[{"name":"wp","href":"https:\/\/api.w.org\/{rel}","templated":true}]}}