{"id":17958,"date":"2022-11-23T21:26:38","date_gmt":"2022-11-23T21:26:38","guid":{"rendered":"https:\/\/autopecasanhanguera.com.br\/?post_type=product&#038;p=17958"},"modified":"2023-10-04T19:49:24","modified_gmt":"2023-10-04T19:49:24","slug":"difusor-ar-uno-painel-le","status":"publish","type":"product","link":"https:\/\/autopecasanhanguera.com.br\/index.php\/product\/difusor-ar-uno-painel-le\/","title":{"rendered":"DIFUSOR AR UNO PAINEL LE"},"content":{"rendered":"<p>DESCRI\u00c7\u00c3O= DIFUSOR AR UNO PAINEL LE C\u00d3DIGO DO FABRICANTE= D103 MARCA = TAUROS<\/p>\n","protected":false},"excerpt":{"rendered":"<p>DESCRI\u00c7\u00c3O= DIFUSOR AR UNO PAINEL LE C\u00d3DIGO DO FABRICANTE= D103 MARCA = TAUROS<\/p>\n","protected":false},"featured_media":20521,"template":"","meta":{"om_disable_all_campaigns":false,"_monsterinsights_skip_tracking":false,"_monsterinsights_sitenote_active":false,"_monsterinsights_sitenote_note":"","_monsterinsights_sitenote_category":0},"product_cat":[89],"product_tag":[5061,5062],"aioseo_notices":[],"_links":{"self":[{"href":"https:\/\/autopecasanhanguera.com.br\/index.php\/wp-json\/wp\/v2\/product\/17958"}],"collection":[{"href":"https:\/\/autopecasanhanguera.com.br\/index.php\/wp-json\/wp\/v2\/product"}],"about":[{"href":"https:\/\/autopecasanhanguera.com.br\/index.php\/wp-json\/wp\/v2\/types\/product"}],"wp:featuredmedia":[{"embeddable":true,"href":"https:\/\/autopecasanhanguera.com.br\/index.php\/wp-json\/wp\/v2\/media\/20521"}],"wp:attachment":[{"href":"https:\/\/autopecasanhanguera.com.br\/index.php\/wp-json\/wp\/v2\/media?parent=17958"}],"wp:term":[{"taxonomy":"product_cat","embeddable":true,"href":"https:\/\/autopecasanhanguera.com.br\/index.php\/wp-json\/wp\/v2\/product_cat?post=17958"},{"taxonomy":"product_tag","embeddable":true,"href":"https:\/\/autopecasanhanguera.com.br\/index.php\/wp-json\/wp\/v2\/product_tag?post=17958"}],"curies":[{"name":"wp","href":"https:\/\/api.w.org\/{rel}","templated":true}]}}