{"id":17991,"date":"2022-11-23T21:26:54","date_gmt":"2022-11-23T21:26:54","guid":{"rendered":"https:\/\/autopecasanhanguera.com.br\/?post_type=product&#038;p=17991"},"modified":"2023-09-27T20:13:49","modified_gmt":"2023-09-27T20:13:49","slug":"rolamento-roda-diant-corsa-nov","status":"publish","type":"product","link":"https:\/\/autopecasanhanguera.com.br\/index.php\/product\/rolamento-roda-diant-corsa-nov\/","title":{"rendered":"ROLAMENTO RODA DIANT CORSA NOV"},"content":{"rendered":"<p>DESCRI\u00c7\u00c3O= ROLAMENTO RODA DIANT CORSA NOV C\u00d3DIGO DO FABRICANTE= ASH3467*43*RXSP*2PC MARCA = ASH<\/p>\n","protected":false},"excerpt":{"rendered":"<p>DESCRI\u00c7\u00c3O= ROLAMENTO RODA DIANT CORSA NOV C\u00d3DIGO DO FABRICANTE= ASH3467*43*RXSP*2PC MARCA = ASH<\/p>\n","protected":false},"featured_media":20463,"template":"","meta":{"om_disable_all_campaigns":false,"_monsterinsights_skip_tracking":false,"_monsterinsights_sitenote_active":false,"_monsterinsights_sitenote_note":"","_monsterinsights_sitenote_category":0},"product_cat":[130],"product_tag":[4966,4965,4964],"aioseo_notices":[],"_links":{"self":[{"href":"https:\/\/autopecasanhanguera.com.br\/index.php\/wp-json\/wp\/v2\/product\/17991"}],"collection":[{"href":"https:\/\/autopecasanhanguera.com.br\/index.php\/wp-json\/wp\/v2\/product"}],"about":[{"href":"https:\/\/autopecasanhanguera.com.br\/index.php\/wp-json\/wp\/v2\/types\/product"}],"wp:featuredmedia":[{"embeddable":true,"href":"https:\/\/autopecasanhanguera.com.br\/index.php\/wp-json\/wp\/v2\/media\/20463"}],"wp:attachment":[{"href":"https:\/\/autopecasanhanguera.com.br\/index.php\/wp-json\/wp\/v2\/media?parent=17991"}],"wp:term":[{"taxonomy":"product_cat","embeddable":true,"href":"https:\/\/autopecasanhanguera.com.br\/index.php\/wp-json\/wp\/v2\/product_cat?post=17991"},{"taxonomy":"product_tag","embeddable":true,"href":"https:\/\/autopecasanhanguera.com.br\/index.php\/wp-json\/wp\/v2\/product_tag?post=17991"}],"curies":[{"name":"wp","href":"https:\/\/api.w.org\/{rel}","templated":true}]}}