{"id":18,"date":"2022-11-23T21:02:40","date_gmt":"2022-11-23T21:02:40","guid":{"rendered":"https:\/\/autopecasanhanguera.com.br\/?post_type=product&#038;p=18"},"modified":"2022-11-23T21:02:40","modified_gmt":"2022-11-23T21:02:40","slug":"amortecedor-diant-c10-recond","status":"publish","type":"product","link":"https:\/\/autopecasanhanguera.com.br\/index.php\/product\/amortecedor-diant-c10-recond\/","title":{"rendered":"AMORTECEDOR DIANT C10 RECOND"},"content":{"rendered":"<p>DESCRI\u00c7\u00c3O= AMORTECEDOR DIANT C10 RECOND C\u00d3DIGO DO FABRICANTE= *43* I-9087 MARCA = RECOPEL IMPACTO<\/p>\n","protected":false},"excerpt":{"rendered":"<p>DESCRI\u00c7\u00c3O= AMORTECEDOR DIANT C10 RECOND C\u00d3DIGO DO FABRICANTE= *43* I-9087 MARCA = RECOPEL IMPACTO<\/p>\n","protected":false},"featured_media":0,"template":"","meta":{"om_disable_all_campaigns":false,"_monsterinsights_skip_tracking":false,"_monsterinsights_sitenote_active":false,"_monsterinsights_sitenote_note":"","_monsterinsights_sitenote_category":0},"product_cat":[92],"product_tag":[],"aioseo_notices":[],"_links":{"self":[{"href":"https:\/\/autopecasanhanguera.com.br\/index.php\/wp-json\/wp\/v2\/product\/18"}],"collection":[{"href":"https:\/\/autopecasanhanguera.com.br\/index.php\/wp-json\/wp\/v2\/product"}],"about":[{"href":"https:\/\/autopecasanhanguera.com.br\/index.php\/wp-json\/wp\/v2\/types\/product"}],"wp:attachment":[{"href":"https:\/\/autopecasanhanguera.com.br\/index.php\/wp-json\/wp\/v2\/media?parent=18"}],"wp:term":[{"taxonomy":"product_cat","embeddable":true,"href":"https:\/\/autopecasanhanguera.com.br\/index.php\/wp-json\/wp\/v2\/product_cat?post=18"},{"taxonomy":"product_tag","embeddable":true,"href":"https:\/\/autopecasanhanguera.com.br\/index.php\/wp-json\/wp\/v2\/product_tag?post=18"}],"curies":[{"name":"wp","href":"https:\/\/api.w.org\/{rel}","templated":true}]}}