{"id":18006,"date":"2022-11-23T21:26:55","date_gmt":"2022-11-23T21:26:55","guid":{"rendered":"https:\/\/autopecasanhanguera.com.br\/?post_type=product&#038;p=18006"},"modified":"2023-09-27T18:15:22","modified_gmt":"2023-09-27T18:15:22","slug":"mangueira-rad-gol-power-sup","status":"publish","type":"product","link":"https:\/\/autopecasanhanguera.com.br\/index.php\/product\/mangueira-rad-gol-power-sup\/","title":{"rendered":"MANGUEIRA RAD GOL POWER SUP"},"content":{"rendered":"<p>DESCRI\u00c7\u00c3O= MANGUEIRA RAD GOL POWER SUP C\u00d3DIGO DO FABRICANTE= 2753278*43*PSEP* MARCA = JAMAICA<\/p>\n","protected":false},"excerpt":{"rendered":"<p>DESCRI\u00c7\u00c3O= MANGUEIRA RAD GOL POWER SUP C\u00d3DIGO DO FABRICANTE= 2753278*43*PSEP* MARCA = JAMAICA<\/p>\n","protected":false},"featured_media":20458,"template":"","meta":{"om_disable_all_campaigns":false,"_monsterinsights_skip_tracking":false,"_monsterinsights_sitenote_active":false,"_monsterinsights_sitenote_note":"","_monsterinsights_sitenote_category":0},"product_cat":[109],"product_tag":[4714,4837,4954,4955],"aioseo_notices":[],"_links":{"self":[{"href":"https:\/\/autopecasanhanguera.com.br\/index.php\/wp-json\/wp\/v2\/product\/18006"}],"collection":[{"href":"https:\/\/autopecasanhanguera.com.br\/index.php\/wp-json\/wp\/v2\/product"}],"about":[{"href":"https:\/\/autopecasanhanguera.com.br\/index.php\/wp-json\/wp\/v2\/types\/product"}],"wp:featuredmedia":[{"embeddable":true,"href":"https:\/\/autopecasanhanguera.com.br\/index.php\/wp-json\/wp\/v2\/media\/20458"}],"wp:attachment":[{"href":"https:\/\/autopecasanhanguera.com.br\/index.php\/wp-json\/wp\/v2\/media?parent=18006"}],"wp:term":[{"taxonomy":"product_cat","embeddable":true,"href":"https:\/\/autopecasanhanguera.com.br\/index.php\/wp-json\/wp\/v2\/product_cat?post=18006"},{"taxonomy":"product_tag","embeddable":true,"href":"https:\/\/autopecasanhanguera.com.br\/index.php\/wp-json\/wp\/v2\/product_tag?post=18006"}],"curies":[{"name":"wp","href":"https:\/\/api.w.org\/{rel}","templated":true}]}}