{"id":18096,"date":"2022-11-23T21:26:39","date_gmt":"2022-11-23T21:26:39","guid":{"rendered":"https:\/\/autopecasanhanguera.com.br\/?post_type=product&#038;p=18096"},"modified":"2023-10-03T20:19:57","modified_gmt":"2023-10-03T20:19:57","slug":"junta-mt-fiat-palio-1-6-16v","status":"publish","type":"product","link":"https:\/\/autopecasanhanguera.com.br\/index.php\/product\/junta-mt-fiat-palio-1-6-16v\/","title":{"rendered":"JUNTA MT FIAT PALIO 1.6 16V"},"content":{"rendered":"<p>DESCRI\u00c7\u00c3O= JUNTA MT FIAT PALIO 1.6 16V C\u00d3DIGO DO FABRICANTE= JM25600\/4 40608PAK MARCA = SANTA CRUZ<\/p>\n","protected":false},"excerpt":{"rendered":"<p>DESCRI\u00c7\u00c3O= JUNTA MT FIAT PALIO 1.6 16V C\u00d3DIGO DO FABRICANTE= JM25600\/4 40608PAK MARCA = SANTA CRUZ<\/p>\n","protected":false},"featured_media":20513,"template":"","meta":{"om_disable_all_campaigns":false,"_monsterinsights_skip_tracking":false,"_monsterinsights_sitenote_active":false,"_monsterinsights_sitenote_note":"","_monsterinsights_sitenote_category":0},"product_cat":[96],"product_tag":[4713,5048],"aioseo_notices":[],"_links":{"self":[{"href":"https:\/\/autopecasanhanguera.com.br\/index.php\/wp-json\/wp\/v2\/product\/18096"}],"collection":[{"href":"https:\/\/autopecasanhanguera.com.br\/index.php\/wp-json\/wp\/v2\/product"}],"about":[{"href":"https:\/\/autopecasanhanguera.com.br\/index.php\/wp-json\/wp\/v2\/types\/product"}],"wp:featuredmedia":[{"embeddable":true,"href":"https:\/\/autopecasanhanguera.com.br\/index.php\/wp-json\/wp\/v2\/media\/20513"}],"wp:attachment":[{"href":"https:\/\/autopecasanhanguera.com.br\/index.php\/wp-json\/wp\/v2\/media?parent=18096"}],"wp:term":[{"taxonomy":"product_cat","embeddable":true,"href":"https:\/\/autopecasanhanguera.com.br\/index.php\/wp-json\/wp\/v2\/product_cat?post=18096"},{"taxonomy":"product_tag","embeddable":true,"href":"https:\/\/autopecasanhanguera.com.br\/index.php\/wp-json\/wp\/v2\/product_tag?post=18096"}],"curies":[{"name":"wp","href":"https:\/\/api.w.org\/{rel}","templated":true}]}}