{"id":18127,"date":"2022-11-23T21:26:58","date_gmt":"2022-11-23T21:26:58","guid":{"rendered":"https:\/\/autopecasanhanguera.com.br\/?post_type=product&#038;p=18127"},"modified":"2023-09-21T18:50:33","modified_gmt":"2023-09-21T18:50:33","slug":"filtro-ar-cond-hrv-civic-1-8-2","status":"publish","type":"product","link":"https:\/\/autopecasanhanguera.com.br\/index.php\/product\/filtro-ar-cond-hrv-civic-1-8-2\/","title":{"rendered":"FILTRO AR COND HRV CIVIC 1.8 2"},"content":{"rendered":"<p>DESCRI\u00c7\u00c3O= FILTRO AR COND HRV CIVIC 1.8 2 C\u00d3DIGO DO FABRICANTE= AKX456 AKX1939 MARCA = WEGA<\/p>\n","protected":false},"excerpt":{"rendered":"<p>DESCRI\u00c7\u00c3O= FILTRO AR COND HRV CIVIC 1.8 2 C\u00d3DIGO DO FABRICANTE= AKX456 AKX1939 MARCA = WEGA<\/p>\n","protected":false},"featured_media":20452,"template":"","meta":{"om_disable_all_campaigns":false,"_monsterinsights_skip_tracking":false,"_monsterinsights_sitenote_active":false,"_monsterinsights_sitenote_note":"","_monsterinsights_sitenote_category":0},"product_cat":[135],"product_tag":[4944,4721,4943],"aioseo_notices":[],"_links":{"self":[{"href":"https:\/\/autopecasanhanguera.com.br\/index.php\/wp-json\/wp\/v2\/product\/18127"}],"collection":[{"href":"https:\/\/autopecasanhanguera.com.br\/index.php\/wp-json\/wp\/v2\/product"}],"about":[{"href":"https:\/\/autopecasanhanguera.com.br\/index.php\/wp-json\/wp\/v2\/types\/product"}],"wp:featuredmedia":[{"embeddable":true,"href":"https:\/\/autopecasanhanguera.com.br\/index.php\/wp-json\/wp\/v2\/media\/20452"}],"wp:attachment":[{"href":"https:\/\/autopecasanhanguera.com.br\/index.php\/wp-json\/wp\/v2\/media?parent=18127"}],"wp:term":[{"taxonomy":"product_cat","embeddable":true,"href":"https:\/\/autopecasanhanguera.com.br\/index.php\/wp-json\/wp\/v2\/product_cat?post=18127"},{"taxonomy":"product_tag","embeddable":true,"href":"https:\/\/autopecasanhanguera.com.br\/index.php\/wp-json\/wp\/v2\/product_tag?post=18127"}],"curies":[{"name":"wp","href":"https:\/\/api.w.org\/{rel}","templated":true}]}}