{"id":18218,"date":"2022-11-23T21:26:44","date_gmt":"2022-11-23T21:26:44","guid":{"rendered":"https:\/\/autopecasanhanguera.com.br\/?post_type=product&#038;p=18218"},"modified":"2023-09-30T13:39:03","modified_gmt":"2023-09-30T13:39:03","slug":"correia-ar-onix-novo-prisma-99","status":"publish","type":"product","link":"https:\/\/autopecasanhanguera.com.br\/index.php\/product\/correia-ar-onix-novo-prisma-99\/","title":{"rendered":"CORREIA AR ONIX NOVO PRISMA 99"},"content":{"rendered":"<p>DESCRI\u00c7\u00c3O= CORREIA AR ONIX NOVO PRISMA 99 C\u00d3DIGO DO FABRICANTE= 3PK0890 MARCA = CONTINENTAL<\/p>\n","protected":false},"excerpt":{"rendered":"<p>DESCRI\u00c7\u00c3O= CORREIA AR ONIX NOVO PRISMA 99 C\u00d3DIGO DO FABRICANTE= 3PK0890 MARCA = CONTINENTAL<\/p>\n","protected":false},"featured_media":20493,"template":"","meta":{"om_disable_all_campaigns":false,"_monsterinsights_skip_tracking":false,"_monsterinsights_sitenote_active":false,"_monsterinsights_sitenote_note":"","_monsterinsights_sitenote_category":0},"product_cat":[578],"product_tag":[5024,5023,4921,4880],"aioseo_notices":[],"_links":{"self":[{"href":"https:\/\/autopecasanhanguera.com.br\/index.php\/wp-json\/wp\/v2\/product\/18218"}],"collection":[{"href":"https:\/\/autopecasanhanguera.com.br\/index.php\/wp-json\/wp\/v2\/product"}],"about":[{"href":"https:\/\/autopecasanhanguera.com.br\/index.php\/wp-json\/wp\/v2\/types\/product"}],"wp:featuredmedia":[{"embeddable":true,"href":"https:\/\/autopecasanhanguera.com.br\/index.php\/wp-json\/wp\/v2\/media\/20493"}],"wp:attachment":[{"href":"https:\/\/autopecasanhanguera.com.br\/index.php\/wp-json\/wp\/v2\/media?parent=18218"}],"wp:term":[{"taxonomy":"product_cat","embeddable":true,"href":"https:\/\/autopecasanhanguera.com.br\/index.php\/wp-json\/wp\/v2\/product_cat?post=18218"},{"taxonomy":"product_tag","embeddable":true,"href":"https:\/\/autopecasanhanguera.com.br\/index.php\/wp-json\/wp\/v2\/product_tag?post=18218"}],"curies":[{"name":"wp","href":"https:\/\/api.w.org\/{rel}","templated":true}]}}