{"id":18220,"date":"2022-11-23T21:26:45","date_gmt":"2022-11-23T21:26:45","guid":{"rendered":"https:\/\/autopecasanhanguera.com.br\/?post_type=product&#038;p=18220"},"modified":"2023-09-29T20:47:45","modified_gmt":"2023-09-29T20:47:45","slug":"amortecedor-tras-prisma-onix","status":"publish","type":"product","link":"https:\/\/autopecasanhanguera.com.br\/index.php\/product\/amortecedor-tras-prisma-onix\/","title":{"rendered":"AMORTECEDOR TRAS  PRISMA ONIX"},"content":{"rendered":"<p>DESCRI\u00c7\u00c3O= AMORTECEDOR TRAS PRISMA ONIX C\u00d3DIGO DO FABRICANTE= TZ120*43*PRRP* MARCA = EXPLOSAO<\/p>\n","protected":false},"excerpt":{"rendered":"<p>DESCRI\u00c7\u00c3O= AMORTECEDOR TRAS PRISMA ONIX C\u00d3DIGO DO FABRICANTE= TZ120*43*PRRP* MARCA = EXPLOSAO<\/p>\n","protected":false},"featured_media":20490,"template":"","meta":{"om_disable_all_campaigns":false,"_monsterinsights_skip_tracking":false,"_monsterinsights_sitenote_active":false,"_monsterinsights_sitenote_note":"","_monsterinsights_sitenote_category":0},"product_cat":[92],"product_tag":[4742,5016,5017],"aioseo_notices":[],"_links":{"self":[{"href":"https:\/\/autopecasanhanguera.com.br\/index.php\/wp-json\/wp\/v2\/product\/18220"}],"collection":[{"href":"https:\/\/autopecasanhanguera.com.br\/index.php\/wp-json\/wp\/v2\/product"}],"about":[{"href":"https:\/\/autopecasanhanguera.com.br\/index.php\/wp-json\/wp\/v2\/types\/product"}],"wp:featuredmedia":[{"embeddable":true,"href":"https:\/\/autopecasanhanguera.com.br\/index.php\/wp-json\/wp\/v2\/media\/20490"}],"wp:attachment":[{"href":"https:\/\/autopecasanhanguera.com.br\/index.php\/wp-json\/wp\/v2\/media?parent=18220"}],"wp:term":[{"taxonomy":"product_cat","embeddable":true,"href":"https:\/\/autopecasanhanguera.com.br\/index.php\/wp-json\/wp\/v2\/product_cat?post=18220"},{"taxonomy":"product_tag","embeddable":true,"href":"https:\/\/autopecasanhanguera.com.br\/index.php\/wp-json\/wp\/v2\/product_tag?post=18220"}],"curies":[{"name":"wp","href":"https:\/\/api.w.org\/{rel}","templated":true}]}}