{"id":18233,"date":"2022-11-23T21:26:46","date_gmt":"2022-11-23T21:26:46","guid":{"rendered":"https:\/\/autopecasanhanguera.com.br\/?post_type=product&#038;p=18233"},"modified":"2023-09-29T18:53:25","modified_gmt":"2023-09-29T18:53:25","slug":"graxa-branca-spray","status":"publish","type":"product","link":"https:\/\/autopecasanhanguera.com.br\/index.php\/product\/graxa-branca-spray\/","title":{"rendered":"GRAXA BRANCA SPRAY"},"content":{"rendered":"<p>DESCRI\u00c7\u00c3O= GRAXA BRANCA SPRAY C\u00d3DIGO DO FABRICANTE= ATB11533005900 MARCA = TAUROS<\/p>\n","protected":false},"excerpt":{"rendered":"<p>DESCRI\u00c7\u00c3O= GRAXA BRANCA SPRAY C\u00d3DIGO DO FABRICANTE= ATB11533005900 MARCA = TAUROS<\/p>\n","protected":false},"featured_media":20483,"template":"","meta":{"om_disable_all_campaigns":false,"_monsterinsights_skip_tracking":false,"_monsterinsights_sitenote_active":false,"_monsterinsights_sitenote_note":"","_monsterinsights_sitenote_category":0},"product_cat":[336],"product_tag":[5003],"aioseo_notices":[],"_links":{"self":[{"href":"https:\/\/autopecasanhanguera.com.br\/index.php\/wp-json\/wp\/v2\/product\/18233"}],"collection":[{"href":"https:\/\/autopecasanhanguera.com.br\/index.php\/wp-json\/wp\/v2\/product"}],"about":[{"href":"https:\/\/autopecasanhanguera.com.br\/index.php\/wp-json\/wp\/v2\/types\/product"}],"wp:featuredmedia":[{"embeddable":true,"href":"https:\/\/autopecasanhanguera.com.br\/index.php\/wp-json\/wp\/v2\/media\/20483"}],"wp:attachment":[{"href":"https:\/\/autopecasanhanguera.com.br\/index.php\/wp-json\/wp\/v2\/media?parent=18233"}],"wp:term":[{"taxonomy":"product_cat","embeddable":true,"href":"https:\/\/autopecasanhanguera.com.br\/index.php\/wp-json\/wp\/v2\/product_cat?post=18233"},{"taxonomy":"product_tag","embeddable":true,"href":"https:\/\/autopecasanhanguera.com.br\/index.php\/wp-json\/wp\/v2\/product_tag?post=18233"}],"curies":[{"name":"wp","href":"https:\/\/api.w.org\/{rel}","templated":true}]}}