{"id":183,"date":"2022-11-23T21:03:06","date_gmt":"2022-11-23T21:03:06","guid":{"rendered":"https:\/\/autopecasanhanguera.com.br\/?post_type=product&#038;p=183"},"modified":"2022-11-23T21:03:06","modified_gmt":"2022-11-23T21:03:06","slug":"arruela-encosto-cambio-vw-2","status":"publish","type":"product","link":"https:\/\/autopecasanhanguera.com.br\/index.php\/product\/arruela-encosto-cambio-vw-2\/","title":{"rendered":"ARRUELA ENCOSTO CAMBIO VW"},"content":{"rendered":"<p>DESCRI\u00c7\u00c3O= ARRUELA ENCOSTO CAMBIO VW C\u00d3DIGO DO FABRICANTE= 016311449**43** MARCA = VW<\/p>\n","protected":false},"excerpt":{"rendered":"<p>DESCRI\u00c7\u00c3O= ARRUELA ENCOSTO CAMBIO VW C\u00d3DIGO DO FABRICANTE= 016311449**43** MARCA = VW<\/p>\n","protected":false},"featured_media":0,"template":"","meta":{"om_disable_all_campaigns":false,"_monsterinsights_skip_tracking":false,"_monsterinsights_sitenote_active":false,"_monsterinsights_sitenote_note":"","_monsterinsights_sitenote_category":0},"product_cat":[205],"product_tag":[],"aioseo_notices":[],"_links":{"self":[{"href":"https:\/\/autopecasanhanguera.com.br\/index.php\/wp-json\/wp\/v2\/product\/183"}],"collection":[{"href":"https:\/\/autopecasanhanguera.com.br\/index.php\/wp-json\/wp\/v2\/product"}],"about":[{"href":"https:\/\/autopecasanhanguera.com.br\/index.php\/wp-json\/wp\/v2\/types\/product"}],"wp:attachment":[{"href":"https:\/\/autopecasanhanguera.com.br\/index.php\/wp-json\/wp\/v2\/media?parent=183"}],"wp:term":[{"taxonomy":"product_cat","embeddable":true,"href":"https:\/\/autopecasanhanguera.com.br\/index.php\/wp-json\/wp\/v2\/product_cat?post=183"},{"taxonomy":"product_tag","embeddable":true,"href":"https:\/\/autopecasanhanguera.com.br\/index.php\/wp-json\/wp\/v2\/product_tag?post=183"}],"curies":[{"name":"wp","href":"https:\/\/api.w.org\/{rel}","templated":true}]}}