{"id":18381,"date":"2022-11-23T21:26:48","date_gmt":"2022-11-23T21:26:48","guid":{"rendered":"https:\/\/autopecasanhanguera.com.br\/?post_type=product&#038;p=18381"},"modified":"2023-09-29T19:11:56","modified_gmt":"2023-09-29T19:11:56","slug":"soquete-farol-h7","status":"publish","type":"product","link":"https:\/\/autopecasanhanguera.com.br\/index.php\/product\/soquete-farol-h7\/","title":{"rendered":"SOQUETE FAROL H7"},"content":{"rendered":"<p>DESCRI\u00c7\u00c3O= SOQUETE FAROL H7 C\u00d3DIGO DO FABRICANTE= ETE7140 MARCA = RAINHA DAS SETE<\/p>\n","protected":false},"excerpt":{"rendered":"<p>DESCRI\u00c7\u00c3O= SOQUETE FAROL H7 C\u00d3DIGO DO FABRICANTE= ETE7140 MARCA = RAINHA DAS SETE<\/p>\n","protected":false},"featured_media":20487,"template":"","meta":{"om_disable_all_campaigns":false,"_monsterinsights_skip_tracking":false,"_monsterinsights_sitenote_active":false,"_monsterinsights_sitenote_note":"","_monsterinsights_sitenote_category":0},"product_cat":[127],"product_tag":[5012,5011,5010],"aioseo_notices":[],"_links":{"self":[{"href":"https:\/\/autopecasanhanguera.com.br\/index.php\/wp-json\/wp\/v2\/product\/18381"}],"collection":[{"href":"https:\/\/autopecasanhanguera.com.br\/index.php\/wp-json\/wp\/v2\/product"}],"about":[{"href":"https:\/\/autopecasanhanguera.com.br\/index.php\/wp-json\/wp\/v2\/types\/product"}],"wp:featuredmedia":[{"embeddable":true,"href":"https:\/\/autopecasanhanguera.com.br\/index.php\/wp-json\/wp\/v2\/media\/20487"}],"wp:attachment":[{"href":"https:\/\/autopecasanhanguera.com.br\/index.php\/wp-json\/wp\/v2\/media?parent=18381"}],"wp:term":[{"taxonomy":"product_cat","embeddable":true,"href":"https:\/\/autopecasanhanguera.com.br\/index.php\/wp-json\/wp\/v2\/product_cat?post=18381"},{"taxonomy":"product_tag","embeddable":true,"href":"https:\/\/autopecasanhanguera.com.br\/index.php\/wp-json\/wp\/v2\/product_tag?post=18381"}],"curies":[{"name":"wp","href":"https:\/\/api.w.org\/{rel}","templated":true}]}}