{"id":18392,"date":"2022-11-23T21:26:51","date_gmt":"2022-11-23T21:26:51","guid":{"rendered":"https:\/\/autopecasanhanguera.com.br\/?post_type=product&#038;p=18392"},"modified":"2023-09-29T17:29:04","modified_gmt":"2023-09-29T17:29:04","slug":"terminal-cabo-marcha-corsa-cel","status":"publish","type":"product","link":"https:\/\/autopecasanhanguera.com.br\/index.php\/product\/terminal-cabo-marcha-corsa-cel\/","title":{"rendered":"TERMINAL CABO MARCHA CORSA CEL"},"content":{"rendered":"<p>DESCRI\u00c7\u00c3O= TERMINAL CABO MARCHA CORSA CEL C\u00d3DIGO DO FABRICANTE= 175.045 4014243 MARCA = BCA<\/p>\n","protected":false},"excerpt":{"rendered":"<p>DESCRI\u00c7\u00c3O= TERMINAL CABO MARCHA CORSA CEL C\u00d3DIGO DO FABRICANTE= 175.045 4014243 MARCA = BCA<\/p>\n","protected":false},"featured_media":20475,"template":"","meta":{"om_disable_all_campaigns":false,"_monsterinsights_skip_tracking":false,"_monsterinsights_sitenote_active":false,"_monsterinsights_sitenote_note":"","_monsterinsights_sitenote_category":0},"product_cat":[87],"product_tag":[4774,4705,4974,4987,4986],"aioseo_notices":[],"_links":{"self":[{"href":"https:\/\/autopecasanhanguera.com.br\/index.php\/wp-json\/wp\/v2\/product\/18392"}],"collection":[{"href":"https:\/\/autopecasanhanguera.com.br\/index.php\/wp-json\/wp\/v2\/product"}],"about":[{"href":"https:\/\/autopecasanhanguera.com.br\/index.php\/wp-json\/wp\/v2\/types\/product"}],"wp:featuredmedia":[{"embeddable":true,"href":"https:\/\/autopecasanhanguera.com.br\/index.php\/wp-json\/wp\/v2\/media\/20475"}],"wp:attachment":[{"href":"https:\/\/autopecasanhanguera.com.br\/index.php\/wp-json\/wp\/v2\/media?parent=18392"}],"wp:term":[{"taxonomy":"product_cat","embeddable":true,"href":"https:\/\/autopecasanhanguera.com.br\/index.php\/wp-json\/wp\/v2\/product_cat?post=18392"},{"taxonomy":"product_tag","embeddable":true,"href":"https:\/\/autopecasanhanguera.com.br\/index.php\/wp-json\/wp\/v2\/product_tag?post=18392"}],"curies":[{"name":"wp","href":"https:\/\/api.w.org\/{rel}","templated":true}]}}