{"id":18395,"date":"2022-11-23T21:26:52","date_gmt":"2022-11-23T21:26:52","guid":{"rendered":"https:\/\/autopecasanhanguera.com.br\/?post_type=product&#038;p=18395"},"modified":"2023-09-28T19:12:27","modified_gmt":"2023-09-28T19:12:27","slug":"eixo-trambulador-corsa-celta-p","status":"publish","type":"product","link":"https:\/\/autopecasanhanguera.com.br\/index.php\/product\/eixo-trambulador-corsa-celta-p\/","title":{"rendered":"EIXO TRAMBULADOR CORSA CELTA P"},"content":{"rendered":"<p>DESCRI\u00c7\u00c3O= EIXO TRAMBULADOR CORSA CELTA P C\u00d3DIGO DO FABRICANTE= 1750631 4014812 MARCA = BRASIL COMPONENTES A<\/p>\n","protected":false},"excerpt":{"rendered":"<p>DESCRI\u00c7\u00c3O= EIXO TRAMBULADOR CORSA CELTA P C\u00d3DIGO DO FABRICANTE= 1750631 4014812 MARCA = BRASIL COMPONENTES A<\/p>\n","protected":false},"featured_media":20472,"template":"","meta":{"om_disable_all_campaigns":false,"_monsterinsights_skip_tracking":false,"_monsterinsights_sitenote_active":false,"_monsterinsights_sitenote_note":"","_monsterinsights_sitenote_category":0},"product_cat":[205],"product_tag":[4774,4705,4739,4979,4978,4980],"aioseo_notices":[],"_links":{"self":[{"href":"https:\/\/autopecasanhanguera.com.br\/index.php\/wp-json\/wp\/v2\/product\/18395"}],"collection":[{"href":"https:\/\/autopecasanhanguera.com.br\/index.php\/wp-json\/wp\/v2\/product"}],"about":[{"href":"https:\/\/autopecasanhanguera.com.br\/index.php\/wp-json\/wp\/v2\/types\/product"}],"wp:featuredmedia":[{"embeddable":true,"href":"https:\/\/autopecasanhanguera.com.br\/index.php\/wp-json\/wp\/v2\/media\/20472"}],"wp:attachment":[{"href":"https:\/\/autopecasanhanguera.com.br\/index.php\/wp-json\/wp\/v2\/media?parent=18395"}],"wp:term":[{"taxonomy":"product_cat","embeddable":true,"href":"https:\/\/autopecasanhanguera.com.br\/index.php\/wp-json\/wp\/v2\/product_cat?post=18395"},{"taxonomy":"product_tag","embeddable":true,"href":"https:\/\/autopecasanhanguera.com.br\/index.php\/wp-json\/wp\/v2\/product_tag?post=18395"}],"curies":[{"name":"wp","href":"https:\/\/api.w.org\/{rel}","templated":true}]}}