{"id":18421,"date":"2022-11-23T21:26:52","date_gmt":"2022-11-23T21:26:52","guid":{"rendered":"https:\/\/autopecasanhanguera.com.br\/?post_type=product&#038;p=18421"},"modified":"2023-09-28T19:27:05","modified_gmt":"2023-09-28T19:27:05","slug":"silenciador-de-pastilha","status":"publish","type":"product","link":"https:\/\/autopecasanhanguera.com.br\/index.php\/product\/silenciador-de-pastilha\/","title":{"rendered":"SILENCIADOR DE PASTILHA"},"content":{"rendered":"<p>DESCRI\u00c7\u00c3O= SILENCIADOR DE PASTILHA C\u00d3DIGO DO FABRICANTE= WB-67 MARCA = WB<\/p>\n","protected":false},"excerpt":{"rendered":"<p>DESCRI\u00c7\u00c3O= SILENCIADOR DE PASTILHA C\u00d3DIGO DO FABRICANTE= WB-67 MARCA = WB<\/p>\n","protected":false},"featured_media":20473,"template":"","meta":{"om_disable_all_campaigns":false,"_monsterinsights_skip_tracking":false,"_monsterinsights_sitenote_active":false,"_monsterinsights_sitenote_note":"","_monsterinsights_sitenote_category":0},"product_cat":[105],"product_tag":[4909,4982,4981],"aioseo_notices":[],"_links":{"self":[{"href":"https:\/\/autopecasanhanguera.com.br\/index.php\/wp-json\/wp\/v2\/product\/18421"}],"collection":[{"href":"https:\/\/autopecasanhanguera.com.br\/index.php\/wp-json\/wp\/v2\/product"}],"about":[{"href":"https:\/\/autopecasanhanguera.com.br\/index.php\/wp-json\/wp\/v2\/types\/product"}],"wp:featuredmedia":[{"embeddable":true,"href":"https:\/\/autopecasanhanguera.com.br\/index.php\/wp-json\/wp\/v2\/media\/20473"}],"wp:attachment":[{"href":"https:\/\/autopecasanhanguera.com.br\/index.php\/wp-json\/wp\/v2\/media?parent=18421"}],"wp:term":[{"taxonomy":"product_cat","embeddable":true,"href":"https:\/\/autopecasanhanguera.com.br\/index.php\/wp-json\/wp\/v2\/product_cat?post=18421"},{"taxonomy":"product_tag","embeddable":true,"href":"https:\/\/autopecasanhanguera.com.br\/index.php\/wp-json\/wp\/v2\/product_tag?post=18421"}],"curies":[{"name":"wp","href":"https:\/\/api.w.org\/{rel}","templated":true}]}}