{"id":18436,"date":"2022-11-23T21:26:54","date_gmt":"2022-11-23T21:26:54","guid":{"rendered":"https:\/\/autopecasanhanguera.com.br\/?post_type=product&#038;p=18436"},"modified":"2023-09-27T20:42:18","modified_gmt":"2023-09-27T20:42:18","slug":"filtro-ar-hb20","status":"publish","type":"product","link":"https:\/\/autopecasanhanguera.com.br\/index.php\/product\/filtro-ar-hb20\/","title":{"rendered":"FILTRO AR HB20"},"content":{"rendered":"<p>DESCRI\u00c7\u00c3O= FILTRO AR HB20 C\u00d3DIGO DO FABRICANTE= JFA0K16 MARCA = WEGA<\/p>\n","protected":false},"excerpt":{"rendered":"<p>DESCRI\u00c7\u00c3O= FILTRO AR HB20 C\u00d3DIGO DO FABRICANTE= JFA0K16 MARCA = WEGA<\/p>\n","protected":false},"featured_media":20467,"template":"","meta":{"om_disable_all_campaigns":false,"_monsterinsights_skip_tracking":false,"_monsterinsights_sitenote_active":false,"_monsterinsights_sitenote_note":"","_monsterinsights_sitenote_category":0},"product_cat":[96],"product_tag":[4721,4971,4904],"aioseo_notices":[],"_links":{"self":[{"href":"https:\/\/autopecasanhanguera.com.br\/index.php\/wp-json\/wp\/v2\/product\/18436"}],"collection":[{"href":"https:\/\/autopecasanhanguera.com.br\/index.php\/wp-json\/wp\/v2\/product"}],"about":[{"href":"https:\/\/autopecasanhanguera.com.br\/index.php\/wp-json\/wp\/v2\/types\/product"}],"wp:featuredmedia":[{"embeddable":true,"href":"https:\/\/autopecasanhanguera.com.br\/index.php\/wp-json\/wp\/v2\/media\/20467"}],"wp:attachment":[{"href":"https:\/\/autopecasanhanguera.com.br\/index.php\/wp-json\/wp\/v2\/media?parent=18436"}],"wp:term":[{"taxonomy":"product_cat","embeddable":true,"href":"https:\/\/autopecasanhanguera.com.br\/index.php\/wp-json\/wp\/v2\/product_cat?post=18436"},{"taxonomy":"product_tag","embeddable":true,"href":"https:\/\/autopecasanhanguera.com.br\/index.php\/wp-json\/wp\/v2\/product_tag?post=18436"}],"curies":[{"name":"wp","href":"https:\/\/api.w.org\/{rel}","templated":true}]}}