{"id":18454,"date":"2022-11-23T21:26:55","date_gmt":"2022-11-23T21:26:55","guid":{"rendered":"https:\/\/autopecasanhanguera.com.br\/?post_type=product&#038;p=18454"},"modified":"2023-09-27T18:25:51","modified_gmt":"2023-09-27T18:25:51","slug":"vidro-lateral-brasilia","status":"publish","type":"product","link":"https:\/\/autopecasanhanguera.com.br\/index.php\/product\/vidro-lateral-brasilia\/","title":{"rendered":"VIDRO LATERAL BRASILIA"},"content":{"rendered":"<p>DESCRI\u00c7\u00c3O= VIDRO LATERAL BRASILIA C\u00d3DIGO DO FABRICANTE= MARCA = SEKURIT<\/p>\n","protected":false},"excerpt":{"rendered":"<p>DESCRI\u00c7\u00c3O= VIDRO LATERAL BRASILIA C\u00d3DIGO DO FABRICANTE= MARCA = SEKURIT<\/p>\n","protected":false},"featured_media":20459,"template":"","meta":{"om_disable_all_campaigns":false,"_monsterinsights_skip_tracking":false,"_monsterinsights_sitenote_active":false,"_monsterinsights_sitenote_note":"","_monsterinsights_sitenote_category":0},"product_cat":[400],"product_tag":[4958,4957,4956],"aioseo_notices":[],"_links":{"self":[{"href":"https:\/\/autopecasanhanguera.com.br\/index.php\/wp-json\/wp\/v2\/product\/18454"}],"collection":[{"href":"https:\/\/autopecasanhanguera.com.br\/index.php\/wp-json\/wp\/v2\/product"}],"about":[{"href":"https:\/\/autopecasanhanguera.com.br\/index.php\/wp-json\/wp\/v2\/types\/product"}],"wp:featuredmedia":[{"embeddable":true,"href":"https:\/\/autopecasanhanguera.com.br\/index.php\/wp-json\/wp\/v2\/media\/20459"}],"wp:attachment":[{"href":"https:\/\/autopecasanhanguera.com.br\/index.php\/wp-json\/wp\/v2\/media?parent=18454"}],"wp:term":[{"taxonomy":"product_cat","embeddable":true,"href":"https:\/\/autopecasanhanguera.com.br\/index.php\/wp-json\/wp\/v2\/product_cat?post=18454"},{"taxonomy":"product_tag","embeddable":true,"href":"https:\/\/autopecasanhanguera.com.br\/index.php\/wp-json\/wp\/v2\/product_tag?post=18454"}],"curies":[{"name":"wp","href":"https:\/\/api.w.org\/{rel}","templated":true}]}}