{"id":18466,"date":"2022-11-23T21:26:57","date_gmt":"2022-11-23T21:26:57","guid":{"rendered":"https:\/\/autopecasanhanguera.com.br\/?post_type=product&#038;p=18466"},"modified":"2023-09-27T17:07:55","modified_gmt":"2023-09-27T17:07:55","slug":"cilindro-freio-roda-tras-clio","status":"publish","type":"product","link":"https:\/\/autopecasanhanguera.com.br\/index.php\/product\/cilindro-freio-roda-tras-clio\/","title":{"rendered":"CILINDRO FREIO RODA TRAS CLIO"},"content":{"rendered":"<p>DESCRI\u00c7\u00c3O= CILINDRO FREIO RODA TRAS CLIO C\u00d3DIGO DO FABRICANTE= RCCR02910 AT6446 MARCA = EDSON<\/p>\n","protected":false},"excerpt":{"rendered":"<p>DESCRI\u00c7\u00c3O= CILINDRO FREIO RODA TRAS CLIO C\u00d3DIGO DO FABRICANTE= RCCR02910 AT6446 MARCA = EDSON<\/p>\n","protected":false},"featured_media":20453,"template":"","meta":{"om_disable_all_campaigns":false,"_monsterinsights_skip_tracking":false,"_monsterinsights_sitenote_active":false,"_monsterinsights_sitenote_note":"","_monsterinsights_sitenote_category":0},"product_cat":[99],"product_tag":[4858,4945,41,4946],"aioseo_notices":[],"_links":{"self":[{"href":"https:\/\/autopecasanhanguera.com.br\/index.php\/wp-json\/wp\/v2\/product\/18466"}],"collection":[{"href":"https:\/\/autopecasanhanguera.com.br\/index.php\/wp-json\/wp\/v2\/product"}],"about":[{"href":"https:\/\/autopecasanhanguera.com.br\/index.php\/wp-json\/wp\/v2\/types\/product"}],"wp:featuredmedia":[{"embeddable":true,"href":"https:\/\/autopecasanhanguera.com.br\/index.php\/wp-json\/wp\/v2\/media\/20453"}],"wp:attachment":[{"href":"https:\/\/autopecasanhanguera.com.br\/index.php\/wp-json\/wp\/v2\/media?parent=18466"}],"wp:term":[{"taxonomy":"product_cat","embeddable":true,"href":"https:\/\/autopecasanhanguera.com.br\/index.php\/wp-json\/wp\/v2\/product_cat?post=18466"},{"taxonomy":"product_tag","embeddable":true,"href":"https:\/\/autopecasanhanguera.com.br\/index.php\/wp-json\/wp\/v2\/product_tag?post=18466"}],"curies":[{"name":"wp","href":"https:\/\/api.w.org\/{rel}","templated":true}]}}