{"id":18522,"date":"2022-11-23T21:22:44","date_gmt":"2022-11-23T21:22:44","guid":{"rendered":"https:\/\/autopecasanhanguera.com.br\/?post_type=product&#038;p=18522"},"modified":"2022-11-23T21:22:44","modified_gmt":"2022-11-23T21:22:44","slug":"correia-alter-sandeiro-1-0-8v","status":"publish","type":"product","link":"https:\/\/autopecasanhanguera.com.br\/index.php\/product\/correia-alter-sandeiro-1-0-8v\/","title":{"rendered":"CORREIA ALTER SANDEIRO 1.0 8V"},"content":{"rendered":"<p>DESCRI\u00c7\u00c3O= CORREIA ALTER SANDEIRO 1.0 8V C\u00d3DIGO DO FABRICANTE= 3PK0738 MARCA = GAUSS<\/p>\n","protected":false},"excerpt":{"rendered":"<p>DESCRI\u00c7\u00c3O= CORREIA ALTER SANDEIRO 1.0 8V C\u00d3DIGO DO FABRICANTE= 3PK0738 MARCA = GAUSS<\/p>\n","protected":false},"featured_media":0,"template":"","meta":{"om_disable_all_campaigns":false,"_monsterinsights_skip_tracking":false,"_monsterinsights_sitenote_active":false,"_monsterinsights_sitenote_note":"","_monsterinsights_sitenote_category":0},"product_cat":[89],"product_tag":[],"aioseo_notices":[],"_links":{"self":[{"href":"https:\/\/autopecasanhanguera.com.br\/index.php\/wp-json\/wp\/v2\/product\/18522"}],"collection":[{"href":"https:\/\/autopecasanhanguera.com.br\/index.php\/wp-json\/wp\/v2\/product"}],"about":[{"href":"https:\/\/autopecasanhanguera.com.br\/index.php\/wp-json\/wp\/v2\/types\/product"}],"wp:attachment":[{"href":"https:\/\/autopecasanhanguera.com.br\/index.php\/wp-json\/wp\/v2\/media?parent=18522"}],"wp:term":[{"taxonomy":"product_cat","embeddable":true,"href":"https:\/\/autopecasanhanguera.com.br\/index.php\/wp-json\/wp\/v2\/product_cat?post=18522"},{"taxonomy":"product_tag","embeddable":true,"href":"https:\/\/autopecasanhanguera.com.br\/index.php\/wp-json\/wp\/v2\/product_tag?post=18522"}],"curies":[{"name":"wp","href":"https:\/\/api.w.org\/{rel}","templated":true}]}}