{"id":18558,"date":"2022-11-23T21:21:41","date_gmt":"2022-11-23T21:21:41","guid":{"rendered":"https:\/\/autopecasanhanguera.com.br\/?post_type=product&#038;p=18558"},"modified":"2022-11-23T21:21:41","modified_gmt":"2022-11-23T21:21:41","slug":"cavalete-agua-gol","status":"publish","type":"product","link":"https:\/\/autopecasanhanguera.com.br\/index.php\/product\/cavalete-agua-gol\/","title":{"rendered":"CAVALETE AGUA GOL"},"content":{"rendered":"<p>DESCRI\u00c7\u00c3O= CAVALETE AGUA GOL C\u00d3DIGO DO FABRICANTE= 7007 *43*2PC* MARCA = NEW<\/p>\n","protected":false},"excerpt":{"rendered":"<p>DESCRI\u00c7\u00c3O= CAVALETE AGUA GOL C\u00d3DIGO DO FABRICANTE= 7007 *43*2PC* MARCA = NEW<\/p>\n","protected":false},"featured_media":0,"template":"","meta":{"om_disable_all_campaigns":false,"_monsterinsights_skip_tracking":false,"_monsterinsights_sitenote_active":false,"_monsterinsights_sitenote_note":"","_monsterinsights_sitenote_category":0},"product_cat":[109],"product_tag":[],"aioseo_notices":[],"_links":{"self":[{"href":"https:\/\/autopecasanhanguera.com.br\/index.php\/wp-json\/wp\/v2\/product\/18558"}],"collection":[{"href":"https:\/\/autopecasanhanguera.com.br\/index.php\/wp-json\/wp\/v2\/product"}],"about":[{"href":"https:\/\/autopecasanhanguera.com.br\/index.php\/wp-json\/wp\/v2\/types\/product"}],"wp:attachment":[{"href":"https:\/\/autopecasanhanguera.com.br\/index.php\/wp-json\/wp\/v2\/media?parent=18558"}],"wp:term":[{"taxonomy":"product_cat","embeddable":true,"href":"https:\/\/autopecasanhanguera.com.br\/index.php\/wp-json\/wp\/v2\/product_cat?post=18558"},{"taxonomy":"product_tag","embeddable":true,"href":"https:\/\/autopecasanhanguera.com.br\/index.php\/wp-json\/wp\/v2\/product_tag?post=18558"}],"curies":[{"name":"wp","href":"https:\/\/api.w.org\/{rel}","templated":true}]}}