{"id":18624,"date":"2022-11-23T21:26:58","date_gmt":"2022-11-23T21:26:58","guid":{"rendered":"https:\/\/autopecasanhanguera.com.br\/?post_type=product&#038;p=18624"},"modified":"2023-09-21T17:55:22","modified_gmt":"2023-09-21T17:55:22","slug":"vidro-porta-chevy-le-usado","status":"publish","type":"product","link":"https:\/\/autopecasanhanguera.com.br\/index.php\/product\/vidro-porta-chevy-le-usado\/","title":{"rendered":"VIDRO PORTA CHEVY LE USADO"},"content":{"rendered":"<p>DESCRI\u00c7\u00c3O= VIDRO PORTA CHEVY LE USADO C\u00d3DIGO DO FABRICANTE= *43* MARCA = USADO<\/p>\n","protected":false},"excerpt":{"rendered":"<p>DESCRI\u00c7\u00c3O= VIDRO PORTA CHEVY LE USADO C\u00d3DIGO DO FABRICANTE= *43* MARCA = USADO<\/p>\n","protected":false},"featured_media":20451,"template":"","meta":{"om_disable_all_campaigns":false,"_monsterinsights_skip_tracking":false,"_monsterinsights_sitenote_active":false,"_monsterinsights_sitenote_note":"","_monsterinsights_sitenote_category":0},"product_cat":[400],"product_tag":[4938,4937,4942],"aioseo_notices":[],"_links":{"self":[{"href":"https:\/\/autopecasanhanguera.com.br\/index.php\/wp-json\/wp\/v2\/product\/18624"}],"collection":[{"href":"https:\/\/autopecasanhanguera.com.br\/index.php\/wp-json\/wp\/v2\/product"}],"about":[{"href":"https:\/\/autopecasanhanguera.com.br\/index.php\/wp-json\/wp\/v2\/types\/product"}],"wp:featuredmedia":[{"embeddable":true,"href":"https:\/\/autopecasanhanguera.com.br\/index.php\/wp-json\/wp\/v2\/media\/20451"}],"wp:attachment":[{"href":"https:\/\/autopecasanhanguera.com.br\/index.php\/wp-json\/wp\/v2\/media?parent=18624"}],"wp:term":[{"taxonomy":"product_cat","embeddable":true,"href":"https:\/\/autopecasanhanguera.com.br\/index.php\/wp-json\/wp\/v2\/product_cat?post=18624"},{"taxonomy":"product_tag","embeddable":true,"href":"https:\/\/autopecasanhanguera.com.br\/index.php\/wp-json\/wp\/v2\/product_tag?post=18624"}],"curies":[{"name":"wp","href":"https:\/\/api.w.org\/{rel}","templated":true}]}}