{"id":18627,"date":"2022-11-23T21:27:00","date_gmt":"2022-11-23T21:27:00","guid":{"rendered":"https:\/\/autopecasanhanguera.com.br\/?post_type=product&#038;p=18627"},"modified":"2023-09-20T19:56:07","modified_gmt":"2023-09-20T19:56:07","slug":"macaneta-ext-golf","status":"publish","type":"product","link":"https:\/\/autopecasanhanguera.com.br\/index.php\/product\/macaneta-ext-golf\/","title":{"rendered":"MACANETA EXT GOLF"},"content":{"rendered":"<p>DESCRI\u00c7\u00c3O= MACANETA EXT GOLF C\u00d3DIGO DO FABRICANTE= MARCA = DESTAQ<\/p>\n","protected":false},"excerpt":{"rendered":"<p>DESCRI\u00c7\u00c3O= MACANETA EXT GOLF C\u00d3DIGO DO FABRICANTE= MARCA = DESTAQ<\/p>\n","protected":false},"featured_media":20447,"template":"","meta":{"om_disable_all_campaigns":false,"_monsterinsights_skip_tracking":false,"_monsterinsights_sitenote_active":false,"_monsterinsights_sitenote_note":"","_monsterinsights_sitenote_category":0},"product_cat":[89],"product_tag":[4932,4931,4930],"aioseo_notices":[],"_links":{"self":[{"href":"https:\/\/autopecasanhanguera.com.br\/index.php\/wp-json\/wp\/v2\/product\/18627"}],"collection":[{"href":"https:\/\/autopecasanhanguera.com.br\/index.php\/wp-json\/wp\/v2\/product"}],"about":[{"href":"https:\/\/autopecasanhanguera.com.br\/index.php\/wp-json\/wp\/v2\/types\/product"}],"wp:featuredmedia":[{"embeddable":true,"href":"https:\/\/autopecasanhanguera.com.br\/index.php\/wp-json\/wp\/v2\/media\/20447"}],"wp:attachment":[{"href":"https:\/\/autopecasanhanguera.com.br\/index.php\/wp-json\/wp\/v2\/media?parent=18627"}],"wp:term":[{"taxonomy":"product_cat","embeddable":true,"href":"https:\/\/autopecasanhanguera.com.br\/index.php\/wp-json\/wp\/v2\/product_cat?post=18627"},{"taxonomy":"product_tag","embeddable":true,"href":"https:\/\/autopecasanhanguera.com.br\/index.php\/wp-json\/wp\/v2\/product_tag?post=18627"}],"curies":[{"name":"wp","href":"https:\/\/api.w.org\/{rel}","templated":true}]}}