{"id":18696,"date":"2022-11-23T21:21:15","date_gmt":"2022-11-23T21:21:15","guid":{"rendered":"https:\/\/autopecasanhanguera.com.br\/?post_type=product&#038;p=18696"},"modified":"2022-11-23T21:21:15","modified_gmt":"2022-11-23T21:21:15","slug":"gigle-carb-weber-130-miniprogr","status":"publish","type":"product","link":"https:\/\/autopecasanhanguera.com.br\/index.php\/product\/gigle-carb-weber-130-miniprogr\/","title":{"rendered":"GIGLE CARB WEBER 130 MINIPROGR"},"content":{"rendered":"<p>DESCRI\u00c7\u00c3O= GIGLE CARB WEBER 130 MINIPROGR C\u00d3DIGO DO FABRICANTE= 19031300007 MARCA = PECA+<\/p>\n","protected":false},"excerpt":{"rendered":"<p>DESCRI\u00c7\u00c3O= GIGLE CARB WEBER 130 MINIPROGR C\u00d3DIGO DO FABRICANTE= 19031300007 MARCA = PECA+<\/p>\n","protected":false},"featured_media":0,"template":"","meta":{"om_disable_all_campaigns":false,"_monsterinsights_skip_tracking":false,"_monsterinsights_sitenote_active":false,"_monsterinsights_sitenote_note":"","_monsterinsights_sitenote_category":0},"product_cat":[300],"product_tag":[],"aioseo_notices":[],"_links":{"self":[{"href":"https:\/\/autopecasanhanguera.com.br\/index.php\/wp-json\/wp\/v2\/product\/18696"}],"collection":[{"href":"https:\/\/autopecasanhanguera.com.br\/index.php\/wp-json\/wp\/v2\/product"}],"about":[{"href":"https:\/\/autopecasanhanguera.com.br\/index.php\/wp-json\/wp\/v2\/types\/product"}],"wp:attachment":[{"href":"https:\/\/autopecasanhanguera.com.br\/index.php\/wp-json\/wp\/v2\/media?parent=18696"}],"wp:term":[{"taxonomy":"product_cat","embeddable":true,"href":"https:\/\/autopecasanhanguera.com.br\/index.php\/wp-json\/wp\/v2\/product_cat?post=18696"},{"taxonomy":"product_tag","embeddable":true,"href":"https:\/\/autopecasanhanguera.com.br\/index.php\/wp-json\/wp\/v2\/product_tag?post=18696"}],"curies":[{"name":"wp","href":"https:\/\/api.w.org\/{rel}","templated":true}]}}