{"id":18770,"date":"2022-11-23T21:05:25","date_gmt":"2022-11-23T21:05:25","guid":{"rendered":"https:\/\/autopecasanhanguera.com.br\/?post_type=product&#038;p=18770"},"modified":"2022-11-23T21:05:25","modified_gmt":"2022-11-23T21:05:25","slug":"lampada-h7-12v-55w-osram","status":"publish","type":"product","link":"https:\/\/autopecasanhanguera.com.br\/index.php\/product\/lampada-h7-12v-55w-osram\/","title":{"rendered":"LAMPADA H7 12V 55W OSRAM"},"content":{"rendered":"<p>DESCRI\u00c7\u00c3O= LAMPADA H7 12V 55W OSRAM C\u00d3DIGO DO FABRICANTE= OS64210 MARCA = OSRAM<\/p>\n","protected":false},"excerpt":{"rendered":"<p>DESCRI\u00c7\u00c3O= LAMPADA H7 12V 55W OSRAM C\u00d3DIGO DO FABRICANTE= OS64210 MARCA = OSRAM<\/p>\n","protected":false},"featured_media":0,"template":"","meta":{"om_disable_all_campaigns":false,"_monsterinsights_skip_tracking":false,"_monsterinsights_sitenote_active":false,"_monsterinsights_sitenote_note":"","_monsterinsights_sitenote_category":0},"product_cat":[127],"product_tag":[],"aioseo_notices":[],"_links":{"self":[{"href":"https:\/\/autopecasanhanguera.com.br\/index.php\/wp-json\/wp\/v2\/product\/18770"}],"collection":[{"href":"https:\/\/autopecasanhanguera.com.br\/index.php\/wp-json\/wp\/v2\/product"}],"about":[{"href":"https:\/\/autopecasanhanguera.com.br\/index.php\/wp-json\/wp\/v2\/types\/product"}],"wp:attachment":[{"href":"https:\/\/autopecasanhanguera.com.br\/index.php\/wp-json\/wp\/v2\/media?parent=18770"}],"wp:term":[{"taxonomy":"product_cat","embeddable":true,"href":"https:\/\/autopecasanhanguera.com.br\/index.php\/wp-json\/wp\/v2\/product_cat?post=18770"},{"taxonomy":"product_tag","embeddable":true,"href":"https:\/\/autopecasanhanguera.com.br\/index.php\/wp-json\/wp\/v2\/product_tag?post=18770"}],"curies":[{"name":"wp","href":"https:\/\/api.w.org\/{rel}","templated":true}]}}