{"id":18822,"date":"2022-11-23T21:16:27","date_gmt":"2022-11-23T21:16:27","guid":{"rendered":"https:\/\/autopecasanhanguera.com.br\/?post_type=product&#038;p=18822"},"modified":"2022-11-23T21:16:27","modified_gmt":"2022-11-23T21:16:27","slug":"junta-mt-marea-brava-1-8-16v-0","status":"publish","type":"product","link":"https:\/\/autopecasanhanguera.com.br\/index.php\/product\/junta-mt-marea-brava-1-8-16v-0\/","title":{"rendered":"JUNTA MT MAREA BRAVA 1.8 16V 0"},"content":{"rendered":"<p>DESCRI\u00c7\u00c3O= JUNTA MT MAREA BRAVA 1.8 16V 0 C\u00d3DIGO DO FABRICANTE=  MARCA = SANTA CRUZ<\/p>\n","protected":false},"excerpt":{"rendered":"<p>DESCRI\u00c7\u00c3O= JUNTA MT MAREA BRAVA 1.8 16V 0 C\u00d3DIGO DO FABRICANTE= MARCA = SANTA CRUZ<\/p>\n","protected":false},"featured_media":0,"template":"","meta":{"om_disable_all_campaigns":false,"_monsterinsights_skip_tracking":false,"_monsterinsights_sitenote_active":false,"_monsterinsights_sitenote_note":"","_monsterinsights_sitenote_category":0},"product_cat":[96],"product_tag":[],"aioseo_notices":[],"_links":{"self":[{"href":"https:\/\/autopecasanhanguera.com.br\/index.php\/wp-json\/wp\/v2\/product\/18822"}],"collection":[{"href":"https:\/\/autopecasanhanguera.com.br\/index.php\/wp-json\/wp\/v2\/product"}],"about":[{"href":"https:\/\/autopecasanhanguera.com.br\/index.php\/wp-json\/wp\/v2\/types\/product"}],"wp:attachment":[{"href":"https:\/\/autopecasanhanguera.com.br\/index.php\/wp-json\/wp\/v2\/media?parent=18822"}],"wp:term":[{"taxonomy":"product_cat","embeddable":true,"href":"https:\/\/autopecasanhanguera.com.br\/index.php\/wp-json\/wp\/v2\/product_cat?post=18822"},{"taxonomy":"product_tag","embeddable":true,"href":"https:\/\/autopecasanhanguera.com.br\/index.php\/wp-json\/wp\/v2\/product_tag?post=18822"}],"curies":[{"name":"wp","href":"https:\/\/api.w.org\/{rel}","templated":true}]}}