{"id":18846,"date":"2022-11-23T21:27:01","date_gmt":"2022-11-23T21:27:01","guid":{"rendered":"https:\/\/autopecasanhanguera.com.br\/?post_type=product&#038;p=18846"},"modified":"2023-09-19T18:13:00","modified_gmt":"2023-09-19T18:13:00","slug":"mangueira-rad-onix-prisma-infe","status":"publish","type":"product","link":"https:\/\/autopecasanhanguera.com.br\/index.php\/product\/mangueira-rad-onix-prisma-infe\/","title":{"rendered":"MANGUEIRA RAD ONIX PRISMA INFE"},"content":{"rendered":"<p>DESCRI\u00c7\u00c3O= MANGUEIRA RAD ONIX PRISMA INFE C\u00d3DIGO DO FABRICANTE= 2753197*43*RRPR* MARCA = NEW<\/p>\n","protected":false},"excerpt":{"rendered":"<p>DESCRI\u00c7\u00c3O= MANGUEIRA RAD ONIX PRISMA INFE C\u00d3DIGO DO FABRICANTE= 2753197*43*RRPR* MARCA = NEW<\/p>\n","protected":false},"featured_media":20439,"template":"","meta":{"om_disable_all_campaigns":false,"_monsterinsights_skip_tracking":false,"_monsterinsights_sitenote_active":false,"_monsterinsights_sitenote_note":"","_monsterinsights_sitenote_category":0},"product_cat":[109],"product_tag":[47,4920,4921,4880],"aioseo_notices":[],"_links":{"self":[{"href":"https:\/\/autopecasanhanguera.com.br\/index.php\/wp-json\/wp\/v2\/product\/18846"}],"collection":[{"href":"https:\/\/autopecasanhanguera.com.br\/index.php\/wp-json\/wp\/v2\/product"}],"about":[{"href":"https:\/\/autopecasanhanguera.com.br\/index.php\/wp-json\/wp\/v2\/types\/product"}],"wp:featuredmedia":[{"embeddable":true,"href":"https:\/\/autopecasanhanguera.com.br\/index.php\/wp-json\/wp\/v2\/media\/20439"}],"wp:attachment":[{"href":"https:\/\/autopecasanhanguera.com.br\/index.php\/wp-json\/wp\/v2\/media?parent=18846"}],"wp:term":[{"taxonomy":"product_cat","embeddable":true,"href":"https:\/\/autopecasanhanguera.com.br\/index.php\/wp-json\/wp\/v2\/product_cat?post=18846"},{"taxonomy":"product_tag","embeddable":true,"href":"https:\/\/autopecasanhanguera.com.br\/index.php\/wp-json\/wp\/v2\/product_tag?post=18846"}],"curies":[{"name":"wp","href":"https:\/\/api.w.org\/{rel}","templated":true}]}}