{"id":18847,"date":"2022-11-23T21:27:01","date_gmt":"2022-11-23T21:27:01","guid":{"rendered":"https:\/\/autopecasanhanguera.com.br\/?post_type=product&#038;p=18847"},"modified":"2023-09-19T19:31:55","modified_gmt":"2023-09-19T19:31:55","slug":"bujao-carter-fan-titan-150","status":"publish","type":"product","link":"https:\/\/autopecasanhanguera.com.br\/index.php\/product\/bujao-carter-fan-titan-150\/","title":{"rendered":"BUJAO CARTER FAN TITAN 150"},"content":{"rendered":"<p>DESCRI\u00c7\u00c3O= BUJAO CARTER FAN TITAN 150 C\u00d3DIGO DO FABRICANTE= 5691265 *43*XAA* MARCA = NEW<\/p>\n","protected":false},"excerpt":{"rendered":"<p>DESCRI\u00c7\u00c3O= BUJAO CARTER FAN TITAN 150 C\u00d3DIGO DO FABRICANTE= 5691265 *43*XAA* MARCA = NEW<\/p>\n","protected":false},"featured_media":20442,"template":"","meta":{"om_disable_all_campaigns":false,"_monsterinsights_skip_tracking":false,"_monsterinsights_sitenote_active":false,"_monsterinsights_sitenote_note":"","_monsterinsights_sitenote_category":0},"product_cat":[96],"product_tag":[4925,4924,4926],"aioseo_notices":[],"_links":{"self":[{"href":"https:\/\/autopecasanhanguera.com.br\/index.php\/wp-json\/wp\/v2\/product\/18847"}],"collection":[{"href":"https:\/\/autopecasanhanguera.com.br\/index.php\/wp-json\/wp\/v2\/product"}],"about":[{"href":"https:\/\/autopecasanhanguera.com.br\/index.php\/wp-json\/wp\/v2\/types\/product"}],"wp:featuredmedia":[{"embeddable":true,"href":"https:\/\/autopecasanhanguera.com.br\/index.php\/wp-json\/wp\/v2\/media\/20442"}],"wp:attachment":[{"href":"https:\/\/autopecasanhanguera.com.br\/index.php\/wp-json\/wp\/v2\/media?parent=18847"}],"wp:term":[{"taxonomy":"product_cat","embeddable":true,"href":"https:\/\/autopecasanhanguera.com.br\/index.php\/wp-json\/wp\/v2\/product_cat?post=18847"},{"taxonomy":"product_tag","embeddable":true,"href":"https:\/\/autopecasanhanguera.com.br\/index.php\/wp-json\/wp\/v2\/product_tag?post=18847"}],"curies":[{"name":"wp","href":"https:\/\/api.w.org\/{rel}","templated":true}]}}