{"id":18874,"date":"2022-11-23T21:27:04","date_gmt":"2022-11-23T21:27:04","guid":{"rendered":"https:\/\/autopecasanhanguera.com.br\/?post_type=product&#038;p=18874"},"modified":"2023-09-14T20:17:34","modified_gmt":"2023-09-14T20:17:34","slug":"suplemento-vela-fiat-siena-m12","status":"publish","type":"product","link":"https:\/\/autopecasanhanguera.com.br\/index.php\/product\/suplemento-vela-fiat-siena-m12\/","title":{"rendered":"SUPLEMENTO VELA FIAT SIENA M12"},"content":{"rendered":"<p>DESCRI\u00c7\u00c3O= SUPLEMENTO VELA FIAT SIENA M12 C\u00d3DIGO DO FABRICANTE= 1550314*43*EDS* MARCA = NEW<\/p>\n","protected":false},"excerpt":{"rendered":"<p>DESCRI\u00c7\u00c3O= SUPLEMENTO VELA FIAT SIENA M12 C\u00d3DIGO DO FABRICANTE= 1550314*43*EDS* MARCA = NEW<\/p>\n","protected":false},"featured_media":20435,"template":"","meta":{"om_disable_all_campaigns":false,"_monsterinsights_skip_tracking":false,"_monsterinsights_sitenote_active":false,"_monsterinsights_sitenote_note":"","_monsterinsights_sitenote_category":0},"product_cat":[96],"product_tag":[4912,4911,4910],"aioseo_notices":[],"_links":{"self":[{"href":"https:\/\/autopecasanhanguera.com.br\/index.php\/wp-json\/wp\/v2\/product\/18874"}],"collection":[{"href":"https:\/\/autopecasanhanguera.com.br\/index.php\/wp-json\/wp\/v2\/product"}],"about":[{"href":"https:\/\/autopecasanhanguera.com.br\/index.php\/wp-json\/wp\/v2\/types\/product"}],"wp:featuredmedia":[{"embeddable":true,"href":"https:\/\/autopecasanhanguera.com.br\/index.php\/wp-json\/wp\/v2\/media\/20435"}],"wp:attachment":[{"href":"https:\/\/autopecasanhanguera.com.br\/index.php\/wp-json\/wp\/v2\/media?parent=18874"}],"wp:term":[{"taxonomy":"product_cat","embeddable":true,"href":"https:\/\/autopecasanhanguera.com.br\/index.php\/wp-json\/wp\/v2\/product_cat?post=18874"},{"taxonomy":"product_tag","embeddable":true,"href":"https:\/\/autopecasanhanguera.com.br\/index.php\/wp-json\/wp\/v2\/product_tag?post=18874"}],"curies":[{"name":"wp","href":"https:\/\/api.w.org\/{rel}","templated":true}]}}