{"id":18956,"date":"2022-11-23T21:27:14","date_gmt":"2022-11-23T21:27:14","guid":{"rendered":"https:\/\/autopecasanhanguera.com.br\/?post_type=product&#038;p=18956"},"modified":"2023-09-09T13:56:21","modified_gmt":"2023-09-09T13:56:21","slug":"reparo-terminal-cabo-engate-co","status":"publish","type":"product","link":"https:\/\/autopecasanhanguera.com.br\/index.php\/product\/reparo-terminal-cabo-engate-co\/","title":{"rendered":"REPARO TERMINAL CABO ENGATE CO"},"content":{"rendered":"<p>DESCRI\u00c7\u00c3O= REPARO TERMINAL CABO ENGATE CO C\u00d3DIGO DO FABRICANTE= 4014588 MARCA = BRASIL COMPONENTES A<\/p>\n","protected":false},"excerpt":{"rendered":"<p>DESCRI\u00c7\u00c3O= REPARO TERMINAL CABO ENGATE CO C\u00d3DIGO DO FABRICANTE= 4014588 MARCA = BRASIL COMPONENTES A<\/p>\n","protected":false},"featured_media":20409,"template":"","meta":{"om_disable_all_campaigns":false,"_monsterinsights_skip_tracking":false,"_monsterinsights_sitenote_active":false,"_monsterinsights_sitenote_note":"","_monsterinsights_sitenote_category":0},"product_cat":[89],"product_tag":[4861,4829,4860],"aioseo_notices":[],"_links":{"self":[{"href":"https:\/\/autopecasanhanguera.com.br\/index.php\/wp-json\/wp\/v2\/product\/18956"}],"collection":[{"href":"https:\/\/autopecasanhanguera.com.br\/index.php\/wp-json\/wp\/v2\/product"}],"about":[{"href":"https:\/\/autopecasanhanguera.com.br\/index.php\/wp-json\/wp\/v2\/types\/product"}],"wp:featuredmedia":[{"embeddable":true,"href":"https:\/\/autopecasanhanguera.com.br\/index.php\/wp-json\/wp\/v2\/media\/20409"}],"wp:attachment":[{"href":"https:\/\/autopecasanhanguera.com.br\/index.php\/wp-json\/wp\/v2\/media?parent=18956"}],"wp:term":[{"taxonomy":"product_cat","embeddable":true,"href":"https:\/\/autopecasanhanguera.com.br\/index.php\/wp-json\/wp\/v2\/product_cat?post=18956"},{"taxonomy":"product_tag","embeddable":true,"href":"https:\/\/autopecasanhanguera.com.br\/index.php\/wp-json\/wp\/v2\/product_tag?post=18956"}],"curies":[{"name":"wp","href":"https:\/\/api.w.org\/{rel}","templated":true}]}}