{"id":18986,"date":"2022-11-23T21:27:15","date_gmt":"2022-11-23T21:27:15","guid":{"rendered":"https:\/\/autopecasanhanguera.com.br\/?post_type=product&#038;p=18986"},"modified":"2023-09-09T12:04:27","modified_gmt":"2023-09-09T12:04:27","slug":"base-espelho-retrovisor-celta","status":"publish","type":"product","link":"https:\/\/autopecasanhanguera.com.br\/index.php\/product\/base-espelho-retrovisor-celta\/","title":{"rendered":"BASE ESPELHO RETROVISOR CELTA"},"content":{"rendered":"<p>DESCRI\u00c7\u00c3O= BASE ESPELHO RETROVISOR CELTA C\u00d3DIGO DO FABRICANTE= *43*USADA MARCA = USADA<\/p>\n","protected":false},"excerpt":{"rendered":"<p>DESCRI\u00c7\u00c3O= BASE ESPELHO RETROVISOR CELTA C\u00d3DIGO DO FABRICANTE= *43*USADA MARCA = USADA<\/p>\n","protected":false},"featured_media":20400,"template":"","meta":{"om_disable_all_campaigns":false,"_monsterinsights_skip_tracking":false,"_monsterinsights_sitenote_active":false,"_monsterinsights_sitenote_note":"","_monsterinsights_sitenote_category":0},"product_cat":[89],"product_tag":[4848,4847,4805],"aioseo_notices":[],"_links":{"self":[{"href":"https:\/\/autopecasanhanguera.com.br\/index.php\/wp-json\/wp\/v2\/product\/18986"}],"collection":[{"href":"https:\/\/autopecasanhanguera.com.br\/index.php\/wp-json\/wp\/v2\/product"}],"about":[{"href":"https:\/\/autopecasanhanguera.com.br\/index.php\/wp-json\/wp\/v2\/types\/product"}],"wp:featuredmedia":[{"embeddable":true,"href":"https:\/\/autopecasanhanguera.com.br\/index.php\/wp-json\/wp\/v2\/media\/20400"}],"wp:attachment":[{"href":"https:\/\/autopecasanhanguera.com.br\/index.php\/wp-json\/wp\/v2\/media?parent=18986"}],"wp:term":[{"taxonomy":"product_cat","embeddable":true,"href":"https:\/\/autopecasanhanguera.com.br\/index.php\/wp-json\/wp\/v2\/product_cat?post=18986"},{"taxonomy":"product_tag","embeddable":true,"href":"https:\/\/autopecasanhanguera.com.br\/index.php\/wp-json\/wp\/v2\/product_tag?post=18986"}],"curies":[{"name":"wp","href":"https:\/\/api.w.org\/{rel}","templated":true}]}}