{"id":19003,"date":"2022-11-23T21:27:15","date_gmt":"2022-11-23T21:27:15","guid":{"rendered":"https:\/\/autopecasanhanguera.com.br\/?post_type=product&#038;p=19003"},"modified":"2023-09-09T11:45:22","modified_gmt":"2023-09-09T11:45:22","slug":"disco-emb-opala-fresa-fina","status":"publish","type":"product","link":"https:\/\/autopecasanhanguera.com.br\/index.php\/product\/disco-emb-opala-fresa-fina\/","title":{"rendered":"DISCO EMB OPALA FRESA FINA *"},"content":{"rendered":"<p>DESCRI\u00c7\u00c3O= DISCO EMB OPALA FRESA FINA * C\u00d3DIGO DO FABRICANTE= *43* MARCA = LC<\/p>\n","protected":false},"excerpt":{"rendered":"<p>DESCRI\u00c7\u00c3O= DISCO EMB OPALA FRESA FINA * C\u00d3DIGO DO FABRICANTE= *43* MARCA = LC<\/p>\n","protected":false},"featured_media":20399,"template":"","meta":{"om_disable_all_campaigns":false,"_monsterinsights_skip_tracking":false,"_monsterinsights_sitenote_active":false,"_monsterinsights_sitenote_note":"","_monsterinsights_sitenote_category":0},"product_cat":[154],"product_tag":[4845,4844,4846,4827],"aioseo_notices":[],"_links":{"self":[{"href":"https:\/\/autopecasanhanguera.com.br\/index.php\/wp-json\/wp\/v2\/product\/19003"}],"collection":[{"href":"https:\/\/autopecasanhanguera.com.br\/index.php\/wp-json\/wp\/v2\/product"}],"about":[{"href":"https:\/\/autopecasanhanguera.com.br\/index.php\/wp-json\/wp\/v2\/types\/product"}],"wp:featuredmedia":[{"embeddable":true,"href":"https:\/\/autopecasanhanguera.com.br\/index.php\/wp-json\/wp\/v2\/media\/20399"}],"wp:attachment":[{"href":"https:\/\/autopecasanhanguera.com.br\/index.php\/wp-json\/wp\/v2\/media?parent=19003"}],"wp:term":[{"taxonomy":"product_cat","embeddable":true,"href":"https:\/\/autopecasanhanguera.com.br\/index.php\/wp-json\/wp\/v2\/product_cat?post=19003"},{"taxonomy":"product_tag","embeddable":true,"href":"https:\/\/autopecasanhanguera.com.br\/index.php\/wp-json\/wp\/v2\/product_tag?post=19003"}],"curies":[{"name":"wp","href":"https:\/\/api.w.org\/{rel}","templated":true}]}}