{"id":19075,"date":"2022-11-23T21:27:21","date_gmt":"2022-11-23T21:27:21","guid":{"rendered":"https:\/\/autopecasanhanguera.com.br\/?post_type=product&#038;p=19075"},"modified":"2023-09-06T17:32:59","modified_gmt":"2023-09-06T17:32:59","slug":"correia-alter-toro-2-0-16v-ren","status":"publish","type":"product","link":"https:\/\/autopecasanhanguera.com.br\/index.php\/product\/correia-alter-toro-2-0-16v-ren\/","title":{"rendered":"CORREIA ALTER TORO 2.0 16V REN"},"content":{"rendered":"<p>DESCRI\u00c7\u00c3O= CORREIA ALTER TORO 2.0 16V REN C\u00d3DIGO DO FABRICANTE= 6PK1345 MARCA = EDSON<\/p>\n","protected":false},"excerpt":{"rendered":"<p>DESCRI\u00c7\u00c3O= CORREIA ALTER TORO 2.0 16V REN C\u00d3DIGO DO FABRICANTE= 6PK1345 MARCA = EDSON<\/p>\n","protected":false},"featured_media":20345,"template":"","meta":{"om_disable_all_campaigns":false,"_monsterinsights_skip_tracking":false,"_monsterinsights_sitenote_active":false,"_monsterinsights_sitenote_note":"","_monsterinsights_sitenote_category":0},"product_cat":[578],"product_tag":[4807,4806],"aioseo_notices":[],"_links":{"self":[{"href":"https:\/\/autopecasanhanguera.com.br\/index.php\/wp-json\/wp\/v2\/product\/19075"}],"collection":[{"href":"https:\/\/autopecasanhanguera.com.br\/index.php\/wp-json\/wp\/v2\/product"}],"about":[{"href":"https:\/\/autopecasanhanguera.com.br\/index.php\/wp-json\/wp\/v2\/types\/product"}],"wp:featuredmedia":[{"embeddable":true,"href":"https:\/\/autopecasanhanguera.com.br\/index.php\/wp-json\/wp\/v2\/media\/20345"}],"wp:attachment":[{"href":"https:\/\/autopecasanhanguera.com.br\/index.php\/wp-json\/wp\/v2\/media?parent=19075"}],"wp:term":[{"taxonomy":"product_cat","embeddable":true,"href":"https:\/\/autopecasanhanguera.com.br\/index.php\/wp-json\/wp\/v2\/product_cat?post=19075"},{"taxonomy":"product_tag","embeddable":true,"href":"https:\/\/autopecasanhanguera.com.br\/index.php\/wp-json\/wp\/v2\/product_tag?post=19075"}],"curies":[{"name":"wp","href":"https:\/\/api.w.org\/{rel}","templated":true}]}}