{"id":19083,"date":"2022-11-23T21:27:22","date_gmt":"2022-11-23T21:27:22","guid":{"rendered":"https:\/\/autopecasanhanguera.com.br\/?post_type=product&#038;p=19083"},"modified":"2023-09-05T18:52:39","modified_gmt":"2023-09-05T18:52:39","slug":"adaptador-mangueira-ar-quente","status":"publish","type":"product","link":"https:\/\/autopecasanhanguera.com.br\/index.php\/product\/adaptador-mangueira-ar-quente\/","title":{"rendered":"ADAPTADOR MANGUEIRA AR QUENTE"},"content":{"rendered":"<p>DESCRI\u00c7\u00c3O= ADAPTADOR MANGUEIRA AR QUENTE C\u00d3DIGO DO FABRICANTE= 2570602*43*PPUE* MARCA = NEW<\/p>\n","protected":false},"excerpt":{"rendered":"<p>DESCRI\u00c7\u00c3O= ADAPTADOR MANGUEIRA AR QUENTE C\u00d3DIGO DO FABRICANTE= 2570602*43*PPUE* MARCA = NEW<\/p>\n","protected":false},"featured_media":20340,"template":"","meta":{"om_disable_all_campaigns":false,"_monsterinsights_skip_tracking":false,"_monsterinsights_sitenote_active":false,"_monsterinsights_sitenote_note":"","_monsterinsights_sitenote_category":0},"product_cat":[109],"product_tag":[4795,4794],"aioseo_notices":[],"_links":{"self":[{"href":"https:\/\/autopecasanhanguera.com.br\/index.php\/wp-json\/wp\/v2\/product\/19083"}],"collection":[{"href":"https:\/\/autopecasanhanguera.com.br\/index.php\/wp-json\/wp\/v2\/product"}],"about":[{"href":"https:\/\/autopecasanhanguera.com.br\/index.php\/wp-json\/wp\/v2\/types\/product"}],"wp:featuredmedia":[{"embeddable":true,"href":"https:\/\/autopecasanhanguera.com.br\/index.php\/wp-json\/wp\/v2\/media\/20340"}],"wp:attachment":[{"href":"https:\/\/autopecasanhanguera.com.br\/index.php\/wp-json\/wp\/v2\/media?parent=19083"}],"wp:term":[{"taxonomy":"product_cat","embeddable":true,"href":"https:\/\/autopecasanhanguera.com.br\/index.php\/wp-json\/wp\/v2\/product_cat?post=19083"},{"taxonomy":"product_tag","embeddable":true,"href":"https:\/\/autopecasanhanguera.com.br\/index.php\/wp-json\/wp\/v2\/product_tag?post=19083"}],"curies":[{"name":"wp","href":"https:\/\/api.w.org\/{rel}","templated":true}]}}