{"id":19089,"date":"2022-11-23T21:27:22","date_gmt":"2022-11-23T21:27:22","guid":{"rendered":"https:\/\/autopecasanhanguera.com.br\/?post_type=product&#038;p=19089"},"modified":"2023-09-05T18:48:24","modified_gmt":"2023-09-05T18:48:24","slug":"vedador-tampa-valvula-chevette","status":"publish","type":"product","link":"https:\/\/autopecasanhanguera.com.br\/index.php\/product\/vedador-tampa-valvula-chevette\/","title":{"rendered":"VEDADOR TAMPA VALVULA CHEVETTE"},"content":{"rendered":"<p>DESCRI\u00c7\u00c3O= VEDADOR TAMPA VALVULA CHEVETTE C\u00d3DIGO DO FABRICANTE= 2146031*43*RET*4PC MARCA = KITSBOR<\/p>\n","protected":false},"excerpt":{"rendered":"<p>DESCRI\u00c7\u00c3O= VEDADOR TAMPA VALVULA CHEVETTE C\u00d3DIGO DO FABRICANTE= 2146031*43*RET*4PC MARCA = KITSBOR<\/p>\n","protected":false},"featured_media":20339,"template":"","meta":{"om_disable_all_campaigns":false,"_monsterinsights_skip_tracking":false,"_monsterinsights_sitenote_active":false,"_monsterinsights_sitenote_note":"","_monsterinsights_sitenote_category":0},"product_cat":[96],"product_tag":[4793,4792,4791],"aioseo_notices":[],"_links":{"self":[{"href":"https:\/\/autopecasanhanguera.com.br\/index.php\/wp-json\/wp\/v2\/product\/19089"}],"collection":[{"href":"https:\/\/autopecasanhanguera.com.br\/index.php\/wp-json\/wp\/v2\/product"}],"about":[{"href":"https:\/\/autopecasanhanguera.com.br\/index.php\/wp-json\/wp\/v2\/types\/product"}],"wp:featuredmedia":[{"embeddable":true,"href":"https:\/\/autopecasanhanguera.com.br\/index.php\/wp-json\/wp\/v2\/media\/20339"}],"wp:attachment":[{"href":"https:\/\/autopecasanhanguera.com.br\/index.php\/wp-json\/wp\/v2\/media?parent=19089"}],"wp:term":[{"taxonomy":"product_cat","embeddable":true,"href":"https:\/\/autopecasanhanguera.com.br\/index.php\/wp-json\/wp\/v2\/product_cat?post=19089"},{"taxonomy":"product_tag","embeddable":true,"href":"https:\/\/autopecasanhanguera.com.br\/index.php\/wp-json\/wp\/v2\/product_tag?post=19089"}],"curies":[{"name":"wp","href":"https:\/\/api.w.org\/{rel}","templated":true}]}}