{"id":19114,"date":"2022-11-23T21:27:24","date_gmt":"2022-11-23T21:27:24","guid":{"rendered":"https:\/\/autopecasanhanguera.com.br\/?post_type=product&#038;p=19114"},"modified":"2023-09-05T17:18:07","modified_gmt":"2023-09-05T17:18:07","slug":"regulador-freio-tras-frontier","status":"publish","type":"product","link":"https:\/\/autopecasanhanguera.com.br\/index.php\/product\/regulador-freio-tras-frontier\/","title":{"rendered":"REGULADOR FREIO TRAS. FRONTIER"},"content":{"rendered":"<p>DESCRI\u00c7\u00c3O= REGULADOR FREIO TRAS. FRONTIER C\u00d3DIGO DO FABRICANTE= 0390844*43*RSTT*1PC MARCA = NEW<\/p>\n","protected":false},"excerpt":{"rendered":"<p>DESCRI\u00c7\u00c3O= REGULADOR FREIO TRAS. FRONTIER C\u00d3DIGO DO FABRICANTE= 0390844*43*RSTT*1PC MARCA = NEW<\/p>\n","protected":false},"featured_media":20334,"template":"","meta":{"om_disable_all_campaigns":false,"_monsterinsights_skip_tracking":false,"_monsterinsights_sitenote_active":false,"_monsterinsights_sitenote_note":"","_monsterinsights_sitenote_category":0},"product_cat":[99],"product_tag":[4769,4780,4779],"aioseo_notices":[],"_links":{"self":[{"href":"https:\/\/autopecasanhanguera.com.br\/index.php\/wp-json\/wp\/v2\/product\/19114"}],"collection":[{"href":"https:\/\/autopecasanhanguera.com.br\/index.php\/wp-json\/wp\/v2\/product"}],"about":[{"href":"https:\/\/autopecasanhanguera.com.br\/index.php\/wp-json\/wp\/v2\/types\/product"}],"wp:featuredmedia":[{"embeddable":true,"href":"https:\/\/autopecasanhanguera.com.br\/index.php\/wp-json\/wp\/v2\/media\/20334"}],"wp:attachment":[{"href":"https:\/\/autopecasanhanguera.com.br\/index.php\/wp-json\/wp\/v2\/media?parent=19114"}],"wp:term":[{"taxonomy":"product_cat","embeddable":true,"href":"https:\/\/autopecasanhanguera.com.br\/index.php\/wp-json\/wp\/v2\/product_cat?post=19114"},{"taxonomy":"product_tag","embeddable":true,"href":"https:\/\/autopecasanhanguera.com.br\/index.php\/wp-json\/wp\/v2\/product_tag?post=19114"}],"curies":[{"name":"wp","href":"https:\/\/api.w.org\/{rel}","templated":true}]}}