{"id":19132,"date":"2022-11-23T21:27:25","date_gmt":"2022-11-23T21:27:25","guid":{"rendered":"https:\/\/autopecasanhanguera.com.br\/?post_type=product&#038;p=19132"},"modified":"2023-09-04T18:37:36","modified_gmt":"2023-09-04T18:37:36","slug":"conj-emb-fusca-carvao","status":"publish","type":"product","link":"https:\/\/autopecasanhanguera.com.br\/index.php\/product\/conj-emb-fusca-carvao\/","title":{"rendered":"CONJ EMB FUSCA CARVAO"},"content":{"rendered":"<p>DESCRI\u00c7\u00c3O= CONJ EMB FUSCA CARVAO C\u00d3DIGO DO FABRICANTE= *43* MARCA = LC LC RECUPERADO<\/p>\n","protected":false},"excerpt":{"rendered":"<p>DESCRI\u00c7\u00c3O= CONJ EMB FUSCA CARVAO C\u00d3DIGO DO FABRICANTE= *43* MARCA = LC LC RECUPERADO<\/p>\n","protected":false},"featured_media":20331,"template":"","meta":{"om_disable_all_campaigns":false,"_monsterinsights_skip_tracking":false,"_monsterinsights_sitenote_active":false,"_monsterinsights_sitenote_note":"","_monsterinsights_sitenote_category":0},"product_cat":[154],"product_tag":[4771,4770,4749],"aioseo_notices":[],"_links":{"self":[{"href":"https:\/\/autopecasanhanguera.com.br\/index.php\/wp-json\/wp\/v2\/product\/19132"}],"collection":[{"href":"https:\/\/autopecasanhanguera.com.br\/index.php\/wp-json\/wp\/v2\/product"}],"about":[{"href":"https:\/\/autopecasanhanguera.com.br\/index.php\/wp-json\/wp\/v2\/types\/product"}],"wp:featuredmedia":[{"embeddable":true,"href":"https:\/\/autopecasanhanguera.com.br\/index.php\/wp-json\/wp\/v2\/media\/20331"}],"wp:attachment":[{"href":"https:\/\/autopecasanhanguera.com.br\/index.php\/wp-json\/wp\/v2\/media?parent=19132"}],"wp:term":[{"taxonomy":"product_cat","embeddable":true,"href":"https:\/\/autopecasanhanguera.com.br\/index.php\/wp-json\/wp\/v2\/product_cat?post=19132"},{"taxonomy":"product_tag","embeddable":true,"href":"https:\/\/autopecasanhanguera.com.br\/index.php\/wp-json\/wp\/v2\/product_tag?post=19132"}],"curies":[{"name":"wp","href":"https:\/\/api.w.org\/{rel}","templated":true}]}}