{"id":19135,"date":"2022-11-23T21:27:26","date_gmt":"2022-11-23T21:27:26","guid":{"rendered":"https:\/\/autopecasanhanguera.com.br\/?post_type=product&#038;p=19135"},"modified":"2023-09-04T18:24:32","modified_gmt":"2023-09-04T18:24:32","slug":"centralizador-patim-frontier-0","status":"publish","type":"product","link":"https:\/\/autopecasanhanguera.com.br\/index.php\/product\/centralizador-patim-frontier-0\/","title":{"rendered":"CENTRALIZADOR PATIM FRONTIER 0"},"content":{"rendered":"<p>DESCRI\u00c7\u00c3O= CENTRALIZADOR PATIM FRONTIER 0 C\u00d3DIGO DO FABRICANTE= 2NI21 MARCA = KARANGAO<\/p>\n","protected":false},"excerpt":{"rendered":"<p>DESCRI\u00c7\u00c3O= CENTRALIZADOR PATIM FRONTIER 0 C\u00d3DIGO DO FABRICANTE= 2NI21 MARCA = KARANGAO<\/p>\n","protected":false},"featured_media":20329,"template":"","meta":{"om_disable_all_campaigns":false,"_monsterinsights_skip_tracking":false,"_monsterinsights_sitenote_active":false,"_monsterinsights_sitenote_note":"","_monsterinsights_sitenote_category":0},"product_cat":[99],"product_tag":[4767,4766,4765,4769,4768],"aioseo_notices":[],"_links":{"self":[{"href":"https:\/\/autopecasanhanguera.com.br\/index.php\/wp-json\/wp\/v2\/product\/19135"}],"collection":[{"href":"https:\/\/autopecasanhanguera.com.br\/index.php\/wp-json\/wp\/v2\/product"}],"about":[{"href":"https:\/\/autopecasanhanguera.com.br\/index.php\/wp-json\/wp\/v2\/types\/product"}],"wp:featuredmedia":[{"embeddable":true,"href":"https:\/\/autopecasanhanguera.com.br\/index.php\/wp-json\/wp\/v2\/media\/20329"}],"wp:attachment":[{"href":"https:\/\/autopecasanhanguera.com.br\/index.php\/wp-json\/wp\/v2\/media?parent=19135"}],"wp:term":[{"taxonomy":"product_cat","embeddable":true,"href":"https:\/\/autopecasanhanguera.com.br\/index.php\/wp-json\/wp\/v2\/product_cat?post=19135"},{"taxonomy":"product_tag","embeddable":true,"href":"https:\/\/autopecasanhanguera.com.br\/index.php\/wp-json\/wp\/v2\/product_tag?post=19135"}],"curies":[{"name":"wp","href":"https:\/\/api.w.org\/{rel}","templated":true}]}}