{"id":19148,"date":"2022-11-23T21:27:28","date_gmt":"2022-11-23T21:27:28","guid":{"rendered":"https:\/\/autopecasanhanguera.com.br\/?post_type=product&#038;p=19148"},"modified":"2022-11-30T13:36:34","modified_gmt":"2022-11-30T13:36:34","slug":"junta-coletor-escap-fiesta-eco","status":"publish","type":"product","link":"https:\/\/autopecasanhanguera.com.br\/index.php\/product\/junta-coletor-escap-fiesta-eco\/","title":{"rendered":"JUNTA COLETOR ESCAP FIESTA ECO"},"content":{"rendered":"<p>DESCRI\u00c7\u00c3O= JUNTA COLETOR ESCAP FIESTA ECO C\u00d3DIGO DO FABRICANTE= 2170310*43*TDS*4PC MARCA = NEW<\/p>\n","protected":false},"excerpt":{"rendered":"<p>DESCRI\u00c7\u00c3O= JUNTA COLETOR ESCAP FIESTA ECO C\u00d3DIGO DO FABRICANTE= 2170310*43*TDS*4PC MARCA = NEW<\/p>\n","protected":false},"featured_media":20218,"template":"","meta":{"om_disable_all_campaigns":false,"_monsterinsights_skip_tracking":false,"_monsterinsights_sitenote_active":false,"_monsterinsights_sitenote_note":"","_monsterinsights_sitenote_category":0},"product_cat":[241],"product_tag":[],"aioseo_notices":[],"_links":{"self":[{"href":"https:\/\/autopecasanhanguera.com.br\/index.php\/wp-json\/wp\/v2\/product\/19148"}],"collection":[{"href":"https:\/\/autopecasanhanguera.com.br\/index.php\/wp-json\/wp\/v2\/product"}],"about":[{"href":"https:\/\/autopecasanhanguera.com.br\/index.php\/wp-json\/wp\/v2\/types\/product"}],"wp:featuredmedia":[{"embeddable":true,"href":"https:\/\/autopecasanhanguera.com.br\/index.php\/wp-json\/wp\/v2\/media\/20218"}],"wp:attachment":[{"href":"https:\/\/autopecasanhanguera.com.br\/index.php\/wp-json\/wp\/v2\/media?parent=19148"}],"wp:term":[{"taxonomy":"product_cat","embeddable":true,"href":"https:\/\/autopecasanhanguera.com.br\/index.php\/wp-json\/wp\/v2\/product_cat?post=19148"},{"taxonomy":"product_tag","embeddable":true,"href":"https:\/\/autopecasanhanguera.com.br\/index.php\/wp-json\/wp\/v2\/product_tag?post=19148"}],"curies":[{"name":"wp","href":"https:\/\/api.w.org\/{rel}","templated":true}]}}