{"id":19152,"date":"2022-11-23T21:27:28","date_gmt":"2022-11-23T21:27:28","guid":{"rendered":"https:\/\/autopecasanhanguera.com.br\/?post_type=product&#038;p=19152"},"modified":"2022-11-30T13:40:01","modified_gmt":"2022-11-30T13:40:01","slug":"palheta-14-tras","status":"publish","type":"product","link":"https:\/\/autopecasanhanguera.com.br\/index.php\/product\/palheta-14-tras\/","title":{"rendered":"PALHETA 14 TRAS"},"content":{"rendered":"<p>DESCRI\u00c7\u00c3O= PALHETA 14 TRAS C\u00d3DIGO DO FABRICANTE= 7289 MARCA = FREE<\/p>\n","protected":false},"excerpt":{"rendered":"<p>DESCRI\u00c7\u00c3O= PALHETA 14 TRAS C\u00d3DIGO DO FABRICANTE= 7289 MARCA = FREE<\/p>\n","protected":false},"featured_media":20220,"template":"","meta":{"om_disable_all_campaigns":false,"_monsterinsights_skip_tracking":false,"_monsterinsights_sitenote_active":false,"_monsterinsights_sitenote_note":"","_monsterinsights_sitenote_category":0},"product_cat":[89],"product_tag":[],"aioseo_notices":[],"_links":{"self":[{"href":"https:\/\/autopecasanhanguera.com.br\/index.php\/wp-json\/wp\/v2\/product\/19152"}],"collection":[{"href":"https:\/\/autopecasanhanguera.com.br\/index.php\/wp-json\/wp\/v2\/product"}],"about":[{"href":"https:\/\/autopecasanhanguera.com.br\/index.php\/wp-json\/wp\/v2\/types\/product"}],"wp:featuredmedia":[{"embeddable":true,"href":"https:\/\/autopecasanhanguera.com.br\/index.php\/wp-json\/wp\/v2\/media\/20220"}],"wp:attachment":[{"href":"https:\/\/autopecasanhanguera.com.br\/index.php\/wp-json\/wp\/v2\/media?parent=19152"}],"wp:term":[{"taxonomy":"product_cat","embeddable":true,"href":"https:\/\/autopecasanhanguera.com.br\/index.php\/wp-json\/wp\/v2\/product_cat?post=19152"},{"taxonomy":"product_tag","embeddable":true,"href":"https:\/\/autopecasanhanguera.com.br\/index.php\/wp-json\/wp\/v2\/product_tag?post=19152"}],"curies":[{"name":"wp","href":"https:\/\/api.w.org\/{rel}","templated":true}]}}