{"id":1931,"date":"2022-11-23T21:11:01","date_gmt":"2022-11-23T21:11:01","guid":{"rendered":"https:\/\/autopecasanhanguera.com.br\/?post_type=product&#038;p=1931"},"modified":"2022-11-23T21:11:01","modified_gmt":"2022-11-23T21:11:01","slug":"remate-friso-vidro-lateral-pas","status":"publish","type":"product","link":"https:\/\/autopecasanhanguera.com.br\/index.php\/product\/remate-friso-vidro-lateral-pas\/","title":{"rendered":"REMATE FRISO VIDRO LATERAL PAS"},"content":{"rendered":"<p>DESCRI\u00c7\u00c3O= REMATE FRISO VIDRO LATERAL PAS C\u00d3DIGO DO FABRICANTE= ZBA853339A**43** MARCA = VW<\/p>\n","protected":false},"excerpt":{"rendered":"<p>DESCRI\u00c7\u00c3O= REMATE FRISO VIDRO LATERAL PAS C\u00d3DIGO DO FABRICANTE= ZBA853339A**43** MARCA = VW<\/p>\n","protected":false},"featured_media":0,"template":"","meta":{"om_disable_all_campaigns":false,"_monsterinsights_skip_tracking":false,"_monsterinsights_sitenote_active":false,"_monsterinsights_sitenote_note":"","_monsterinsights_sitenote_category":0},"product_cat":[89],"product_tag":[],"aioseo_notices":[],"_links":{"self":[{"href":"https:\/\/autopecasanhanguera.com.br\/index.php\/wp-json\/wp\/v2\/product\/1931"}],"collection":[{"href":"https:\/\/autopecasanhanguera.com.br\/index.php\/wp-json\/wp\/v2\/product"}],"about":[{"href":"https:\/\/autopecasanhanguera.com.br\/index.php\/wp-json\/wp\/v2\/types\/product"}],"wp:attachment":[{"href":"https:\/\/autopecasanhanguera.com.br\/index.php\/wp-json\/wp\/v2\/media?parent=1931"}],"wp:term":[{"taxonomy":"product_cat","embeddable":true,"href":"https:\/\/autopecasanhanguera.com.br\/index.php\/wp-json\/wp\/v2\/product_cat?post=1931"},{"taxonomy":"product_tag","embeddable":true,"href":"https:\/\/autopecasanhanguera.com.br\/index.php\/wp-json\/wp\/v2\/product_tag?post=1931"}],"curies":[{"name":"wp","href":"https:\/\/api.w.org\/{rel}","templated":true}]}}