{"id":1943,"date":"2022-11-23T21:11:03","date_gmt":"2022-11-23T21:11:03","guid":{"rendered":"https:\/\/autopecasanhanguera.com.br\/?post_type=product&#038;p=1943"},"modified":"2023-08-31T19:03:14","modified_gmt":"2023-08-31T19:03:14","slug":"coxim-carroceria-kombi-ext-lat","status":"publish","type":"product","link":"https:\/\/autopecasanhanguera.com.br\/index.php\/product\/coxim-carroceria-kombi-ext-lat\/","title":{"rendered":"COXIM CARROCERIA KOMBI EXT LAT"},"content":{"rendered":"<p>DESCRI\u00c7\u00c3O= COXIM CARROCERIA KOMBI EXT LAT C\u00d3DIGO DO FABRICANTE= 211881691A**43** MARCA = VW<\/p>\n","protected":false},"excerpt":{"rendered":"<p>DESCRI\u00c7\u00c3O= COXIM CARROCERIA KOMBI EXT LAT C\u00d3DIGO DO FABRICANTE= 211881691A**43** MARCA = VW<\/p>\n","protected":false},"featured_media":20325,"template":"","meta":{"om_disable_all_campaigns":false,"_monsterinsights_skip_tracking":false,"_monsterinsights_sitenote_active":false,"_monsterinsights_sitenote_note":"","_monsterinsights_sitenote_category":0},"product_cat":[92],"product_tag":[4762,4761,4708],"aioseo_notices":[],"_links":{"self":[{"href":"https:\/\/autopecasanhanguera.com.br\/index.php\/wp-json\/wp\/v2\/product\/1943"}],"collection":[{"href":"https:\/\/autopecasanhanguera.com.br\/index.php\/wp-json\/wp\/v2\/product"}],"about":[{"href":"https:\/\/autopecasanhanguera.com.br\/index.php\/wp-json\/wp\/v2\/types\/product"}],"wp:featuredmedia":[{"embeddable":true,"href":"https:\/\/autopecasanhanguera.com.br\/index.php\/wp-json\/wp\/v2\/media\/20325"}],"wp:attachment":[{"href":"https:\/\/autopecasanhanguera.com.br\/index.php\/wp-json\/wp\/v2\/media?parent=1943"}],"wp:term":[{"taxonomy":"product_cat","embeddable":true,"href":"https:\/\/autopecasanhanguera.com.br\/index.php\/wp-json\/wp\/v2\/product_cat?post=1943"},{"taxonomy":"product_tag","embeddable":true,"href":"https:\/\/autopecasanhanguera.com.br\/index.php\/wp-json\/wp\/v2\/product_tag?post=1943"}],"curies":[{"name":"wp","href":"https:\/\/api.w.org\/{rel}","templated":true}]}}