{"id":1951,"date":"2022-11-23T21:11:05","date_gmt":"2022-11-23T21:11:05","guid":{"rendered":"https:\/\/autopecasanhanguera.com.br\/?post_type=product&#038;p=1951"},"modified":"2022-11-23T21:11:05","modified_gmt":"2022-11-23T21:11:05","slug":"capa-amortecedor-da-trava-banc","status":"publish","type":"product","link":"https:\/\/autopecasanhanguera.com.br\/index.php\/product\/capa-amortecedor-da-trava-banc\/","title":{"rendered":"CAPA AMORTECEDOR DA TRAVA BANC"},"content":{"rendered":"<p>DESCRI\u00c7\u00c3O= CAPA AMORTECEDOR DA TRAVA BANC C\u00d3DIGO DO FABRICANTE= ZBA88568706*43* MARCA = VW<\/p>\n","protected":false},"excerpt":{"rendered":"<p>DESCRI\u00c7\u00c3O= CAPA AMORTECEDOR DA TRAVA BANC C\u00d3DIGO DO FABRICANTE= ZBA88568706*43* MARCA = VW<\/p>\n","protected":false},"featured_media":0,"template":"","meta":{"om_disable_all_campaigns":false,"_monsterinsights_skip_tracking":false,"_monsterinsights_sitenote_active":false,"_monsterinsights_sitenote_note":"","_monsterinsights_sitenote_category":0},"product_cat":[89],"product_tag":[],"aioseo_notices":[],"_links":{"self":[{"href":"https:\/\/autopecasanhanguera.com.br\/index.php\/wp-json\/wp\/v2\/product\/1951"}],"collection":[{"href":"https:\/\/autopecasanhanguera.com.br\/index.php\/wp-json\/wp\/v2\/product"}],"about":[{"href":"https:\/\/autopecasanhanguera.com.br\/index.php\/wp-json\/wp\/v2\/types\/product"}],"wp:attachment":[{"href":"https:\/\/autopecasanhanguera.com.br\/index.php\/wp-json\/wp\/v2\/media?parent=1951"}],"wp:term":[{"taxonomy":"product_cat","embeddable":true,"href":"https:\/\/autopecasanhanguera.com.br\/index.php\/wp-json\/wp\/v2\/product_cat?post=1951"},{"taxonomy":"product_tag","embeddable":true,"href":"https:\/\/autopecasanhanguera.com.br\/index.php\/wp-json\/wp\/v2\/product_tag?post=1951"}],"curies":[{"name":"wp","href":"https:\/\/api.w.org\/{rel}","templated":true}]}}